{"id":416,"date":"2024-08-02T13:45:01","date_gmt":"2024-08-02T13:45:01","guid":{"rendered":"https:\/\/marotte.com\/?page_id=416"},"modified":"2024-12-03T22:51:21","modified_gmt":"2024-12-03T21:51:21","slug":"research-and-development","status":"publish","type":"page","link":"https:\/\/marotte.com\/en\/research-and-development\/","title":{"rendered":"Research and development"},"content":{"rendered":"<div data-elementor-type=\"wp-page\" data-elementor-id=\"416\" class=\"elementor elementor-416\" data-elementor-post-type=\"page\">\n\t\t\t\t<div class=\"elementor-element elementor-element-2a904072 e-flex e-con-boxed e-con e-parent\" data-id=\"2a904072\" data-element_type=\"container\" data-e-type=\"container\">\n\t\t\t\t\t<div class=\"e-con-inner\">\n\t\t\t\t<div class=\"elementor-element elementor-element-6e02b562 elementor-widget elementor-widget-heading\" data-id=\"6e02b562\" data-element_type=\"widget\" data-e-type=\"widget\" data-widget_type=\"heading.default\">\n\t\t\t\t<div class=\"elementor-widget-container\">\n\t\t\t\t\t<h1 class=\"elementor-heading-title elementor-size-default\">Research and Development<\/h1>\t\t\t\t<\/div>\n\t\t\t\t<\/div>\n\t\t\t\t<div class=\"elementor-element elementor-element-39987583 elementor-widget__width-initial elementor-widget elementor-widget-text-editor\" data-id=\"39987583\" data-element_type=\"widget\" data-e-type=\"widget\" data-widget_type=\"text-editor.default\">\n\t\t\t\t<div class=\"elementor-widget-container\">\n\t\t\t\t\t\t\t\t\t<p>Our Research &amp; Development department is constantly exploring new techniques and materials to offer tailor-made solutions that combine quality, durability and innovation.<\/p>\t\t\t\t\t\t\t\t<\/div>\n\t\t\t\t<\/div>\n\t\t\t\t\t<\/div>\n\t\t\t\t<\/div>\n\t\t<div class=\"elementor-element elementor-element-1a72429 e-flex e-con-boxed e-con e-parent\" data-id=\"1a72429\" data-element_type=\"container\" data-e-type=\"container\">\n\t\t\t\t\t<div class=\"e-con-inner\">\n\t\t<div class=\"elementor-element elementor-element-2eb5333a e-con-full e-flex e-con e-child\" data-id=\"2eb5333a\" data-element_type=\"container\" data-e-type=\"container\">\n\t\t\t\t<div class=\"elementor-element elementor-element-12ce6e0 elementor-widget elementor-widget-image\" data-id=\"12ce6e0\" data-element_type=\"widget\" data-e-type=\"widget\" data-widget_type=\"image.default\">\n\t\t\t\t<div class=\"elementor-widget-container\">\n\t\t\t\t\t\t\t\t\t\t\t\t\t\t\t<img decoding=\"async\" width=\"768\" height=\"504\" src=\"https:\/\/marotte.com\/wp-content\/uploads\/2024\/10\/departement-recherche-developpement-marotte-768x504.jpg\" class=\"attachment-medium_large size-medium_large wp-image-950\" alt=\"Research and development department Marotte\" srcset=\"\" sizes=\"(max-width: 768px) 100vw, 768px\" data-srcset=\"\" \/>\t\t\t\t\t\t\t\t\t\t\t\t\t\t\t<\/div>\n\t\t\t\t<\/div>\n\t\t\t\t<\/div>\n\t\t<div class=\"elementor-element elementor-element-59f5a0bf e-con-full e-flex e-con e-child\" data-id=\"59f5a0bf\" data-element_type=\"container\" data-e-type=\"container\">\n\t\t\t\t<div class=\"elementor-element elementor-element-8ed290b elementor-widget elementor-widget-heading\" data-id=\"8ed290b\" data-element_type=\"widget\" data-e-type=\"widget\" data-widget_type=\"heading.default\">\n\t\t\t\t<div class=\"elementor-widget-container\">\n\t\t\t\t\t<h2 class=\"elementor-heading-title elementor-size-default\">Innovating for Excellence<\/h2>\t\t\t\t<\/div>\n\t\t\t\t<\/div>\n\t\t\t\t<div class=\"elementor-element elementor-element-4c6564c5 elementor-widget elementor-widget-text-editor\" data-id=\"4c6564c5\" data-element_type=\"widget\" data-e-type=\"widget\" data-widget_type=\"text-editor.default\">\n\t\t\t\t<div class=\"elementor-widget-container\">\n\t\t\t\t\t\t\t\t\t<p>At Marotte, our Research &amp; Development department is the heart of our innovation. Our experts are constantly exploring new techniques and materials to push back the boundaries of woodworking. We incorporate cutting-edge technologies and innovative methods to offer customised solutions that combine quality, durability and aesthetics. Working with our customers and partners, we develop unique products that are tailored to specific needs and respect the environment. Our commitment to R&amp;D enables us to anticipate trends and create exceptional boxes and packaging.<\/p>\t\t\t\t\t\t\t\t<\/div>\n\t\t\t\t<\/div>\n\t\t\t\t<\/div>\n\t\t\t\t\t<\/div>\n\t\t\t\t<\/div>\n\t\t<div class=\"elementor-element elementor-element-3c99bcb e-flex e-con-boxed e-con e-parent\" data-id=\"3c99bcb\" data-element_type=\"container\" data-e-type=\"container\">\n\t\t\t\t\t<div class=\"e-con-inner\">\n\t\t\t\t<div class=\"elementor-element elementor-element-55cd357 elementor-widget elementor-widget-image\" data-id=\"55cd357\" data-element_type=\"widget\" data-e-type=\"widget\" data-widget_type=\"image.default\">\n\t\t\t\t<div class=\"elementor-widget-container\">\n\t\t\t\t\t\t\t\t\t\t\t\t\t\t\t<img decoding=\"async\" width=\"1920\" height=\"812\" src=\"https:\/\/marotte.com\/wp-content\/uploads\/2024\/08\/nouvelles-techniques-et-materiaux-marotte.jpg\" class=\"attachment-full size-full wp-image-419\" alt=\"New Techniques &amp; Materials \u2013 Marotte Research &amp; Development\" srcset=\"https:\/\/marotte.com\/wp-content\/uploads\/2024\/08\/nouvelles-techniques-et-materiaux-marotte.jpg 1920w, https:\/\/marotte.com\/wp-content\/uploads\/2024\/08\/nouvelles-techniques-et-materiaux-marotte-300x127.jpg 300w, https:\/\/marotte.com\/wp-content\/uploads\/2024\/08\/nouvelles-techniques-et-materiaux-marotte-1024x433.jpg 1024w, https:\/\/marotte.com\/wp-content\/uploads\/2024\/08\/nouvelles-techniques-et-materiaux-marotte-768x325.jpg 768w, https:\/\/marotte.com\/wp-content\/uploads\/2024\/08\/nouvelles-techniques-et-materiaux-marotte-1536x650.jpg 1536w\" sizes=\"(max-width: 1920px) 100vw, 1920px\" \/>\t\t\t\t\t\t\t\t\t\t\t\t\t\t\t<\/div>\n\t\t\t\t<\/div>\n\t\t\t\t<div class=\"elementor-element elementor-element-79b8443 elementor-widget elementor-widget-template\" data-id=\"79b8443\" data-element_type=\"widget\" data-e-type=\"widget\" data-widget_type=\"template.default\">\n\t\t\t\t<div class=\"elementor-widget-container\">\n\t\t\t\t\t\t\t<div class=\"elementor-template\">\n\t\t\t\t\t<div data-elementor-type=\"container\" data-elementor-id=\"353\" class=\"elementor elementor-353\" data-elementor-post-type=\"elementor_library\">\n\t\t\t\t<div class=\"elementor-element elementor-element-4138d601 e-flex e-con-boxed e-con e-parent\" data-id=\"4138d601\" data-element_type=\"container\" data-e-type=\"container\">\n\t\t\t\t\t<div class=\"e-con-inner\">\n\t\t\t\t<div class=\"elementor-element elementor-element-6a8689f0 elementor-widget__width-initial elementor-widget elementor-widget-heading\" data-id=\"6a8689f0\" data-element_type=\"widget\" data-e-type=\"widget\" data-widget_type=\"heading.default\">\n\t\t\t\t<div class=\"elementor-widget-container\">\n\t\t\t\t\t<div class=\"elementor-heading-title elementor-size-default\">Let's work together!<\/div>\t\t\t\t<\/div>\n\t\t\t\t<\/div>\n\t\t\t\t<div class=\"elementor-element elementor-element-502ed5c elementor-widget elementor-widget-text-editor\" data-id=\"502ed5c\" data-element_type=\"widget\" data-e-type=\"widget\" data-widget_type=\"text-editor.default\">\n\t\t\t\t<div class=\"elementor-widget-container\">\n\t\t\t\t\t\t\t\t\t<p>Our teams are ready to work with you to bring to life bespoke products that will exceed your expectations. Together, we can shape the future of your brand with elegance and precision.<br>We look forward to contributing to your success.<\/p>\t\t\t\t\t\t\t\t<\/div>\n\t\t\t\t<\/div>\n\t\t\t\t<div class=\"elementor-element elementor-element-fa0d73d elementor-tablet-align-center elementor-widget-mobile__width-inherit elementor-align-center elementor-invisible elementor-widget elementor-widget-button\" data-id=\"fa0d73d\" data-element_type=\"widget\" data-e-type=\"widget\" data-settings=\"{&quot;_animation&quot;:&quot;fadeInDown&quot;}\" data-widget_type=\"button.default\">\n\t\t\t\t<div class=\"elementor-widget-container\">\n\t\t\t\t\t\t\t\t\t<div class=\"elementor-button-wrapper\">\n\t\t\t\t\t<a class=\"elementor-button elementor-button-link elementor-size-md\" href=\"https:\/\/marotte.com\/en\/contact\/\">\n\t\t\t\t\t\t<span class=\"elementor-button-content-wrapper\">\n\t\t\t\t\t\t\t\t\t<span class=\"elementor-button-text\">Contact<\/span>\n\t\t\t\t\t<\/span>\n\t\t\t\t\t<\/a>\n\t\t\t\t<\/div>\n\t\t\t\t\t\t\t\t<\/div>\n\t\t\t\t<\/div>\n\t\t\t\t\t<\/div>\n\t\t\t\t<\/div>\n\t\t\t\t<\/div>\n\t\t\t\t<\/div>\n\t\t\t\t\t\t<\/div>\n\t\t\t\t<\/div>\n\t\t\t\t\t<\/div>\n\t\t\t\t<\/div>\n\t\t\t\t<\/div>","protected":false},"excerpt":{"rendered":"<p>Recherche &amp; D\u00e9veloppement Notre d\u00e9partement Recherche &amp; D\u00e9veloppement explore constamment de nouvelles techniques et mat\u00e9riaux pour offrir des solutions sur mesure, alliant qualit\u00e9, durabilit\u00e9 et innovation. Innover pour l&rsquo;Excellence Chez Marotte, notre d\u00e9partement Recherche &amp; D\u00e9veloppement est le c\u0153ur de notre innovation. Nos experts explorent sans cesse de nouvelles techniques et mat\u00e9riaux pour repousser les [&hellip;]<\/p>","protected":false},"author":1,"featured_media":0,"parent":0,"menu_order":0,"comment_status":"closed","ping_status":"closed","template":"elementor_header_footer","meta":{"_acf_changed":false,"footnotes":""},"class_list":["post-416","page","type-page","status-publish","hentry"],"acf":[],"yoast_head":"<!-- This site is optimized with the Yoast SEO plugin v26.9 - https:\/\/yoast.com\/product\/yoast-seo-wordpress\/ -->\n<title>Recherche &amp; D\u00e9veloppement | Marotte<\/title>\n<meta name=\"description\" content=\"Explorez l&#039;Innovation avec Marotte ! Notre R&amp;D cr\u00e9e des Solutions Sur Mesure, alliant Qualit\u00e9 et Durabilit\u00e9. Collaborons pour l&#039;Avenir !\" \/>\n<meta name=\"robots\" content=\"index, follow, max-snippet:-1, max-image-preview:large, max-video-preview:-1\" \/>\n<link rel=\"canonical\" href=\"https:\/\/marotte.com\/en\/research-and-development\/\" \/>\n<meta property=\"og:locale\" content=\"en_GB\" \/>\n<meta property=\"og:type\" content=\"article\" \/>\n<meta property=\"og:title\" content=\"Recherche &amp; D\u00e9veloppement | Marotte\" \/>\n<meta property=\"og:description\" content=\"Explorez l&#039;Innovation avec Marotte ! Notre R&amp;D cr\u00e9e des Solutions Sur Mesure, alliant Qualit\u00e9 et Durabilit\u00e9. Collaborons pour l&#039;Avenir !\" \/>\n<meta property=\"og:url\" content=\"https:\/\/marotte.com\/en\/research-and-development\/\" \/>\n<meta property=\"og:site_name\" content=\"Marotte\" \/>\n<meta property=\"article:publisher\" content=\"https:\/\/www.facebook.com\/coffretsmarotte\/\" \/>\n<meta property=\"article:modified_time\" content=\"2024-12-03T21:51:21+00:00\" \/>\n<meta property=\"og:image\" content=\"https:\/\/marotte.com\/wp-content\/uploads\/2024\/10\/departement-recherche-developpement-marotte-768x504.jpg\" \/>\n<meta name=\"twitter:card\" content=\"summary_large_image\" \/>\n<meta name=\"twitter:label1\" content=\"Estimated reading time\" \/>\n\t<meta name=\"twitter:data1\" content=\"1 minute\" \/>\n<script type=\"application\/ld+json\" class=\"yoast-schema-graph\">{\"@context\":\"https:\/\/schema.org\",\"@graph\":[{\"@type\":\"WebPage\",\"@id\":\"https:\/\/marotte.com\/recherche-developpement\/\",\"url\":\"https:\/\/marotte.com\/recherche-developpement\/\",\"name\":\"Recherche & D\u00e9veloppement | Marotte\",\"isPartOf\":{\"@id\":\"https:\/\/marotte.com\/#website\"},\"primaryImageOfPage\":{\"@id\":\"https:\/\/marotte.com\/recherche-developpement\/#primaryimage\"},\"image\":{\"@id\":\"https:\/\/marotte.com\/recherche-developpement\/#primaryimage\"},\"thumbnailUrl\":\"https:\/\/marotte.com\/wp-content\/uploads\/2024\/10\/departement-recherche-developpement-marotte-768x504.jpg\",\"datePublished\":\"2024-08-02T13:45:01+00:00\",\"dateModified\":\"2024-12-03T21:51:21+00:00\",\"description\":\"Explorez l'Innovation avec Marotte ! Notre R&D cr\u00e9e des Solutions Sur Mesure, alliant Qualit\u00e9 et Durabilit\u00e9. Collaborons pour l'Avenir !\",\"breadcrumb\":{\"@id\":\"https:\/\/marotte.com\/recherche-developpement\/#breadcrumb\"},\"inLanguage\":\"en-GB\",\"potentialAction\":[{\"@type\":\"ReadAction\",\"target\":[\"https:\/\/marotte.com\/recherche-developpement\/\"]}]},{\"@type\":\"ImageObject\",\"inLanguage\":\"en-GB\",\"@id\":\"https:\/\/marotte.com\/recherche-developpement\/#primaryimage\",\"url\":\"https:\/\/marotte.com\/wp-content\/uploads\/2024\/10\/departement-recherche-developpement-marotte-768x504.jpg\",\"contentUrl\":\"https:\/\/marotte.com\/wp-content\/uploads\/2024\/10\/departement-recherche-developpement-marotte-768x504.jpg\"},{\"@type\":\"BreadcrumbList\",\"@id\":\"https:\/\/marotte.com\/recherche-developpement\/#breadcrumb\",\"itemListElement\":[{\"@type\":\"ListItem\",\"position\":1,\"name\":\"Accueil\",\"item\":\"https:\/\/marotte.com\/\"},{\"@type\":\"ListItem\",\"position\":2,\"name\":\"Recherche &#038; D\u00e9veloppement\"}]},{\"@type\":\"WebSite\",\"@id\":\"https:\/\/marotte.com\/#website\",\"url\":\"https:\/\/marotte.com\/\",\"name\":\"Marotte\",\"description\":\"Le travail du bois\",\"publisher\":{\"@id\":\"https:\/\/marotte.com\/#organization\"},\"potentialAction\":[{\"@type\":\"SearchAction\",\"target\":{\"@type\":\"EntryPoint\",\"urlTemplate\":\"https:\/\/marotte.com\/?s={search_term_string}\"},\"query-input\":{\"@type\":\"PropertyValueSpecification\",\"valueRequired\":true,\"valueName\":\"search_term_string\"}}],\"inLanguage\":\"en-GB\"},{\"@type\":\"Organization\",\"@id\":\"https:\/\/marotte.com\/#organization\",\"name\":\"Marotte\",\"url\":\"https:\/\/marotte.com\/\",\"logo\":{\"@type\":\"ImageObject\",\"inLanguage\":\"en-GB\",\"@id\":\"https:\/\/marotte.com\/#\/schema\/logo\/image\/\",\"url\":\"https:\/\/marotte.com\/wp-content\/uploads\/2024\/07\/marotte.png\",\"contentUrl\":\"https:\/\/marotte.com\/wp-content\/uploads\/2024\/07\/marotte.png\",\"width\":257,\"height\":100,\"caption\":\"Marotte\"},\"image\":{\"@id\":\"https:\/\/marotte.com\/#\/schema\/logo\/image\/\"},\"sameAs\":[\"https:\/\/www.facebook.com\/coffretsmarotte\/\",\"https:\/\/www.linkedin.com\/company\/marotte-pascal\/\"]}]}<\/script>\n<!-- \/ Yoast SEO plugin. -->","yoast_head_json":{"title":"Research &amp; Development | Marotte","description":"Explore Innovation with Marotte! Our R&amp;D creates Tailor-Made Solutions that combine Quality and Durability. Let\u2019s collaborate for the Future!","robots":{"index":"index","follow":"follow","max-snippet":"max-snippet:-1","max-image-preview":"max-image-preview:large","max-video-preview":"max-video-preview:-1"},"canonical":"https:\/\/marotte.com\/en\/research-and-development\/","og_locale":"en_GB","og_type":"article","og_title":"Recherche & D\u00e9veloppement | Marotte","og_description":"Explorez l'Innovation avec Marotte ! Notre R&D cr\u00e9e des Solutions Sur Mesure, alliant Qualit\u00e9 et Durabilit\u00e9. Collaborons pour l'Avenir !","og_url":"https:\/\/marotte.com\/en\/research-and-development\/","og_site_name":"Marotte","article_publisher":"https:\/\/www.facebook.com\/coffretsmarotte\/","article_modified_time":"2024-12-03T21:51:21+00:00","og_image":[{"url":"https:\/\/marotte.com\/wp-content\/uploads\/2024\/10\/departement-recherche-developpement-marotte-768x504.jpg","type":"","width":"","height":""}],"twitter_card":"summary_large_image","twitter_misc":{"Estimated reading time":"1 minute"},"schema":{"@context":"https:\/\/schema.org","@graph":[{"@type":"WebPage","@id":"https:\/\/marotte.com\/recherche-developpement\/","url":"https:\/\/marotte.com\/recherche-developpement\/","name":"Research &amp; Development | Marotte","isPartOf":{"@id":"https:\/\/marotte.com\/#website"},"primaryImageOfPage":{"@id":"https:\/\/marotte.com\/recherche-developpement\/#primaryimage"},"image":{"@id":"https:\/\/marotte.com\/recherche-developpement\/#primaryimage"},"thumbnailUrl":"https:\/\/marotte.com\/wp-content\/uploads\/2024\/10\/departement-recherche-developpement-marotte-768x504.jpg","datePublished":"2024-08-02T13:45:01+00:00","dateModified":"2024-12-03T21:51:21+00:00","description":"Explore Innovation with Marotte! Our R&amp;D creates Tailor-Made Solutions that combine Quality and Durability. Let\u2019s collaborate for the Future!","breadcrumb":{"@id":"https:\/\/marotte.com\/recherche-developpement\/#breadcrumb"},"inLanguage":"en-GB","potentialAction":[{"@type":"ReadAction","target":["https:\/\/marotte.com\/recherche-developpement\/"]}]},{"@type":"ImageObject","inLanguage":"en-GB","@id":"https:\/\/marotte.com\/recherche-developpement\/#primaryimage","url":"https:\/\/marotte.com\/wp-content\/uploads\/2024\/10\/departement-recherche-developpement-marotte-768x504.jpg","contentUrl":"https:\/\/marotte.com\/wp-content\/uploads\/2024\/10\/departement-recherche-developpement-marotte-768x504.jpg"},{"@type":"BreadcrumbList","@id":"https:\/\/marotte.com\/recherche-developpement\/#breadcrumb","itemListElement":[{"@type":"ListItem","position":1,"name":"Accueil","item":"https:\/\/marotte.com\/"},{"@type":"ListItem","position":2,"name":"Recherche &#038; D\u00e9veloppement"}]},{"@type":"WebSite","@id":"https:\/\/marotte.com\/#website","url":"https:\/\/marotte.com\/","name":"Marotte","description":"Bespoke woodworking","publisher":{"@id":"https:\/\/marotte.com\/#organization"},"potentialAction":[{"@type":"SearchAction","target":{"@type":"EntryPoint","urlTemplate":"https:\/\/marotte.com\/?s={search_term_string}"},"query-input":{"@type":"PropertyValueSpecification","valueRequired":true,"valueName":"search_term_string"}}],"inLanguage":"en-GB"},{"@type":"Organization","@id":"https:\/\/marotte.com\/#organization","name":"Marotte","url":"https:\/\/marotte.com\/","logo":{"@type":"ImageObject","inLanguage":"en-GB","@id":"https:\/\/marotte.com\/#\/schema\/logo\/image\/","url":"https:\/\/marotte.com\/wp-content\/uploads\/2024\/07\/marotte.png","contentUrl":"https:\/\/marotte.com\/wp-content\/uploads\/2024\/07\/marotte.png","width":257,"height":100,"caption":"Marotte"},"image":{"@id":"https:\/\/marotte.com\/#\/schema\/logo\/image\/"},"sameAs":["https:\/\/www.facebook.com\/coffretsmarotte\/","https:\/\/www.linkedin.com\/company\/marotte-pascal\/"]}]}},"_links":{"self":[{"href":"https:\/\/marotte.com\/en\/wp-json\/wp\/v2\/pages\/416","targetHints":{"allow":["GET"]}}],"collection":[{"href":"https:\/\/marotte.com\/en\/wp-json\/wp\/v2\/pages"}],"about":[{"href":"https:\/\/marotte.com\/en\/wp-json\/wp\/v2\/types\/page"}],"author":[{"embeddable":true,"href":"https:\/\/marotte.com\/en\/wp-json\/wp\/v2\/users\/1"}],"replies":[{"embeddable":true,"href":"https:\/\/marotte.com\/en\/wp-json\/wp\/v2\/comments?post=416"}],"version-history":[{"count":0,"href":"https:\/\/marotte.com\/en\/wp-json\/wp\/v2\/pages\/416\/revisions"}],"wp:attachment":[{"href":"https:\/\/marotte.com\/en\/wp-json\/wp\/v2\/media?parent=416"}],"curies":[{"name":"wp","href":"https:\/\/api.w.org\/{rel}","templated":true}]}}