{"id":43,"date":"2024-07-15T08:08:33","date_gmt":"2024-07-15T08:08:33","guid":{"rendered":"https:\/\/marotte.com\/contact-us\/"},"modified":"2026-04-23T18:10:22","modified_gmt":"2026-04-23T16:10:22","slug":"contact","status":"publish","type":"page","link":"https:\/\/marotte.com\/en\/contact\/","title":{"rendered":"Contact"},"content":{"rendered":"<div data-elementor-type=\"wp-page\" data-elementor-id=\"43\" class=\"elementor elementor-43\" data-elementor-post-type=\"page\">\n\t\t\t\t<div class=\"elementor-element elementor-element-2a904072 e-flex e-con-boxed e-con e-parent\" data-id=\"2a904072\" data-element_type=\"container\" data-e-type=\"container\">\n\t\t\t\t\t<div class=\"e-con-inner\">\n\t\t\t\t<div class=\"elementor-element elementor-element-6e02b562 elementor-widget elementor-widget-heading\" data-id=\"6e02b562\" data-element_type=\"widget\" data-e-type=\"widget\" data-widget_type=\"heading.default\">\n\t\t\t\t<div class=\"elementor-widget-container\">\n\t\t\t\t\t<h1 class=\"elementor-heading-title elementor-size-default\">Working Together<\/h1>\t\t\t\t<\/div>\n\t\t\t\t<\/div>\n\t\t\t\t<div class=\"elementor-element elementor-element-39987583 elementor-widget elementor-widget-text-editor\" data-id=\"39987583\" data-element_type=\"widget\" data-e-type=\"widget\" data-widget_type=\"text-editor.default\">\n\t\t\t\t<div class=\"elementor-widget-container\">\n\t\t\t\t\t\t\t\t\t<p>This is where your project begins!<\/p>\t\t\t\t\t\t\t\t<\/div>\n\t\t\t\t<\/div>\n\t\t\t\t<div class=\"elementor-element elementor-element-01e4b7c elementor-widget elementor-widget-image\" data-id=\"01e4b7c\" data-element_type=\"widget\" data-e-type=\"widget\" data-widget_type=\"image.default\">\n\t\t\t\t<div class=\"elementor-widget-container\">\n\t\t\t\t\t\t\t\t\t\t\t\t\t\t\t<img decoding=\"async\" width=\"1920\" height=\"288\" src=\"https:\/\/marotte.com\/wp-content\/uploads\/2024\/08\/travaillons-ensemble-contact-marotte.jpg\" class=\"attachment-full size-full wp-image-260\" alt=\"Working Together Marotte\" srcset=\"https:\/\/marotte.com\/wp-content\/uploads\/2024\/08\/travaillons-ensemble-contact-marotte.jpg 1920w, https:\/\/marotte.com\/wp-content\/uploads\/2024\/08\/travaillons-ensemble-contact-marotte-300x45.jpg 300w, https:\/\/marotte.com\/wp-content\/uploads\/2024\/08\/travaillons-ensemble-contact-marotte-1024x154.jpg 1024w, https:\/\/marotte.com\/wp-content\/uploads\/2024\/08\/travaillons-ensemble-contact-marotte-768x115.jpg 768w, https:\/\/marotte.com\/wp-content\/uploads\/2024\/08\/travaillons-ensemble-contact-marotte-1536x230.jpg 1536w\" sizes=\"(max-width: 1920px) 100vw, 1920px\" \/>\t\t\t\t\t\t\t\t\t\t\t\t\t\t\t<\/div>\n\t\t\t\t<\/div>\n\t\t\t\t\t<\/div>\n\t\t\t\t<\/div>\n\t\t<div class=\"elementor-element elementor-element-1a72429 e-flex e-con-boxed e-con e-parent\" data-id=\"1a72429\" data-element_type=\"container\" data-e-type=\"container\">\n\t\t\t\t\t<div class=\"e-con-inner\">\n\t\t<div class=\"elementor-element elementor-element-2eb5333a e-con-full e-flex e-con e-child\" data-id=\"2eb5333a\" data-element_type=\"container\" data-e-type=\"container\">\n\t\t<div class=\"elementor-element elementor-element-c0d9705 e-con-full e-flex e-con e-child\" data-id=\"c0d9705\" data-element_type=\"container\" data-e-type=\"container\">\n\t\t\t\t<div class=\"elementor-element elementor-element-4b8033e5 elementor-widget elementor-widget-heading\" data-id=\"4b8033e5\" data-element_type=\"widget\" data-e-type=\"widget\" data-widget_type=\"heading.default\">\n\t\t\t\t<div class=\"elementor-widget-container\">\n\t\t\t\t\t<h2 class=\"elementor-heading-title elementor-size-default\">Contact Details<\/h2>\t\t\t\t<\/div>\n\t\t\t\t<\/div>\n\t\t\t\t<div class=\"elementor-element elementor-element-6b5a3ce elementor-widget elementor-widget-text-editor\" data-id=\"6b5a3ce\" data-element_type=\"widget\" data-e-type=\"widget\" data-widget_type=\"text-editor.default\">\n\t\t\t\t<div class=\"elementor-widget-container\">\n\t\t\t\t\t\t\t\t\t<p>Don't hesitate to call us or visit us to discuss your project; our experts are ready to help your realise your ideas.<\/p>\t\t\t\t\t\t\t\t<\/div>\n\t\t\t\t<\/div>\n\t\t\t\t<div class=\"elementor-element elementor-element-4164d685 elementor-mobile-align-center elementor-widget__width-initial elementor-icon-list--layout-traditional elementor-list-item-link-full_width elementor-widget elementor-widget-icon-list\" data-id=\"4164d685\" data-element_type=\"widget\" data-e-type=\"widget\" data-widget_type=\"icon-list.default\">\n\t\t\t\t<div class=\"elementor-widget-container\">\n\t\t\t\t\t\t\t<ul class=\"elementor-icon-list-items\">\n\t\t\t\t\t\t\t<li class=\"elementor-icon-list-item\">\n\t\t\t\t\t\t\t\t\t\t\t<a href=\"tel:03%2084%2085%2022%2010\">\n\n\t\t\t\t\t\t\t\t\t\t\t\t<span class=\"elementor-icon-list-icon\">\n\t\t\t\t\t\t\t<svg aria-hidden=\"true\" class=\"e-font-icon-svg e-fas-phone-alt\" viewbox=\"0 0 512 512\" xmlns=\"http:\/\/www.w3.org\/2000\/svg\"><path d=\"M497.39 361.8l-112-48a24 24 0 0 0-28 6.9l-49.6 60.6A370.66 370.66 0 0 1 130.6 204.11l60.6-49.6a23.94 23.94 0 0 0 6.9-28l-48-112A24.16 24.16 0 0 0 122.6.61l-104 24A24 24 0 0 0 0 48c0 256.5 207.9 464 464 464a24 24 0 0 0 23.4-18.6l24-104a24.29 24.29 0 0 0-14.01-27.6z\"><\/path><\/svg>\t\t\t\t\t\t<\/span>\n\t\t\t\t\t\t\t\t\t\t<span class=\"elementor-icon-list-text\">+33 (0)3 84 85 22 10<\/span>\n\t\t\t\t\t\t\t\t\t\t\t<\/a>\n\t\t\t\t\t\t\t\t\t<\/li>\n\t\t\t\t\t\t\t\t<li class=\"elementor-icon-list-item\">\n\t\t\t\t\t\t\t\t\t\t\t<span class=\"elementor-icon-list-icon\">\n\t\t\t\t\t\t\t<svg aria-hidden=\"true\" class=\"e-font-icon-svg e-fas-fax\" viewbox=\"0 0 512 512\" xmlns=\"http:\/\/www.w3.org\/2000\/svg\"><path d=\"M480 160V77.25a32 32 0 0 0-9.38-22.63L425.37 9.37A32 32 0 0 0 402.75 0H160a32 32 0 0 0-32 32v448a32 32 0 0 0 32 32h320a32 32 0 0 0 32-32V192a32 32 0 0 0-32-32zM288 432a16 16 0 0 1-16 16h-32a16 16 0 0 1-16-16v-32a16 16 0 0 1 16-16h32a16 16 0 0 1 16 16zm0-128a16 16 0 0 1-16 16h-32a16 16 0 0 1-16-16v-32a16 16 0 0 1 16-16h32a16 16 0 0 1 16 16zm128 128a16 16 0 0 1-16 16h-32a16 16 0 0 1-16-16v-32a16 16 0 0 1 16-16h32a16 16 0 0 1 16 16zm0-128a16 16 0 0 1-16 16h-32a16 16 0 0 1-16-16v-32a16 16 0 0 1 16-16h32a16 16 0 0 1 16 16zm0-112H192V64h160v48a16 16 0 0 0 16 16h48zM64 128H32a32 32 0 0 0-32 32v320a32 32 0 0 0 32 32h32a32 32 0 0 0 32-32V160a32 32 0 0 0-32-32z\"><\/path><\/svg>\t\t\t\t\t\t<\/span>\n\t\t\t\t\t\t\t\t\t\t<span class=\"elementor-icon-list-text\">+33 (0)3 84 44 66 64<\/span>\n\t\t\t\t\t\t\t\t\t<\/li>\n\t\t\t\t\t\t\t\t<li class=\"elementor-icon-list-item\">\n\t\t\t\t\t\t\t\t\t\t\t<span class=\"elementor-icon-list-icon\">\n\t\t\t\t\t\t\t<svg aria-hidden=\"true\" class=\"e-font-icon-svg e-fas-map-marker-alt\" viewbox=\"0 0 384 512\" xmlns=\"http:\/\/www.w3.org\/2000\/svg\"><path d=\"M172.268 501.67C26.97 291.031 0 269.413 0 192 0 85.961 85.961 0 192 0s192 85.961 192 192c0 77.413-26.97 99.031-172.268 309.67-9.535 13.774-29.93 13.773-39.464 0zM192 272c44.183 0 80-35.817 80-80s-35.817-80-80-80-80 35.817-80 80 35.817 80 80 80z\"><\/path><\/svg>\t\t\t\t\t\t<\/span>\n\t\t\t\t\t\t\t\t\t\t<span class=\"elementor-icon-list-text\">250 rue du Savagnin 39230 PASSENANS<\/span>\n\t\t\t\t\t\t\t\t\t<\/li>\n\t\t\t\t\t\t\t\t<li class=\"elementor-icon-list-item\">\n\t\t\t\t\t\t\t\t\t\t<span class=\"elementor-icon-list-text\"><\/span>\n\t\t\t\t\t\t\t\t\t<\/li>\n\t\t\t\t\t\t<\/ul>\n\t\t\t\t\t\t<\/div>\n\t\t\t\t<\/div>\n\t\t\t\t<\/div>\n\t\t\t\t<\/div>\n\t\t<div class=\"elementor-element elementor-element-59f5a0bf e-con-full e-flex e-con e-child\" data-id=\"59f5a0bf\" data-element_type=\"container\" data-e-type=\"container\">\n\t\t\t\t<div class=\"elementor-element elementor-element-2319d167 elementor-widget elementor-widget-heading\" data-id=\"2319d167\" data-element_type=\"widget\" data-e-type=\"widget\" data-widget_type=\"heading.default\">\n\t\t\t\t<div class=\"elementor-widget-container\">\n\t\t\t\t\t<h2 class=\"elementor-heading-title elementor-size-default\">Contact<\/h2>\t\t\t\t<\/div>\n\t\t\t\t<\/div>\n\t\t\t\t<div class=\"elementor-element elementor-element-4c6564c5 elementor-widget elementor-widget-text-editor\" data-id=\"4c6564c5\" data-element_type=\"widget\" data-e-type=\"widget\" data-widget_type=\"text-editor.default\">\n\t\t\t\t<div class=\"elementor-widget-container\">\n\t\t\t\t\t\t\t\t\t<p>Use our online contact form to tell us about your ideas and requirements. Our team will get back to you quickly to start turning your vision into reality together.<\/p>\t\t\t\t\t\t\t\t<\/div>\n\t\t\t\t<\/div>\n\t\t\t\t<div class=\"elementor-element elementor-element-c929665 elementor-button-align-end elementor-mobile-button-align-center elementor-tablet-button-align-start elementor-widget elementor-widget-form\" data-id=\"c929665\" data-element_type=\"widget\" data-e-type=\"widget\" data-settings=\"{&quot;step_next_label&quot;:&quot;Next&quot;,&quot;step_previous_label&quot;:&quot;Previous&quot;,&quot;button_width&quot;:&quot;100&quot;,&quot;step_type&quot;:&quot;number_text&quot;,&quot;step_icon_shape&quot;:&quot;circle&quot;}\" data-widget_type=\"form.default\">\n\t\t\t\t<div class=\"elementor-widget-container\">\n\t\t\t\t\t\t\t<form class=\"elementor-form\" method=\"post\" id=\"contact_form\" name=\"Contact Form\" aria-label=\"Contact Form\" action=\"\">\n\t\t\t<input type=\"hidden\" name=\"post_id\" value=\"43\"\/>\n\t\t\t<input type=\"hidden\" name=\"form_id\" value=\"c929665\"\/>\n\t\t\t<input type=\"hidden\" name=\"referer_title\" value=\"Contactez Nos Experts &amp; R\u00e9alisez Vos Projets | Marotte\" \/>\n\n\t\t\t\t\t\t\t<input type=\"hidden\" name=\"queried_id\" value=\"43\"\/>\n\t\t\t\n\t\t\t<div class=\"elementor-form-fields-wrapper elementor-labels-\">\n\t\t\t\t\t\t\t\t<div class=\"elementor-field-type-text elementor-field-group elementor-column elementor-field-group-name elementor-col-50\">\n\t\t\t\t\t\t\t\t\t\t\t\t<label for=\"form-field-name\" class=\"elementor-field-label elementor-screen-only\">\n\t\t\t\t\t\t\t\tFirst Name\t\t\t\t\t\t\t<\/label>\n\t\t\t\t\t\t\t\t\t\t\t\t\t\t<input size=\"1\" type=\"text\" name=\"form_fields[name]\" id=\"form-field-name\" class=\"elementor-field elementor-size-sm  elementor-field-textual\" placeholder=\"First Name\">\n\t\t\t\t\t\t\t\t\t\t\t<\/div>\n\t\t\t\t\t\t\t\t<div class=\"elementor-field-type-text elementor-field-group elementor-column elementor-field-group-field_fcf48d1 elementor-col-50 elementor-field-required\">\n\t\t\t\t\t\t\t\t\t\t\t\t<label for=\"form-field-field_fcf48d1\" class=\"elementor-field-label elementor-screen-only\">\n\t\t\t\t\t\t\t\tLast Name*\t\t\t\t\t\t\t<\/label>\n\t\t\t\t\t\t\t\t\t\t\t\t\t\t<input size=\"1\" type=\"text\" name=\"form_fields[field_fcf48d1]\" id=\"form-field-field_fcf48d1\" class=\"elementor-field elementor-size-sm  elementor-field-textual\" placeholder=\"Last Name*\" required=\"required\">\n\t\t\t\t\t\t\t\t\t\t\t<\/div>\n\t\t\t\t\t\t\t\t<div class=\"elementor-field-type-text elementor-field-group elementor-column elementor-field-group-field_0f15ebc elementor-col-50 elementor-md-100 elementor-field-required\">\n\t\t\t\t\t\t\t\t\t\t\t\t<label for=\"form-field-field_0f15ebc\" class=\"elementor-field-label elementor-screen-only\">\n\t\t\t\t\t\t\t\tTelephone Number*\t\t\t\t\t\t\t<\/label>\n\t\t\t\t\t\t\t\t\t\t\t\t\t\t<input size=\"1\" type=\"text\" name=\"form_fields[field_0f15ebc]\" id=\"form-field-field_0f15ebc\" class=\"elementor-field elementor-size-sm  elementor-field-textual\" placeholder=\"Telephone Number*\" required=\"required\">\n\t\t\t\t\t\t\t\t\t\t\t<\/div>\n\t\t\t\t\t\t\t\t<div class=\"elementor-field-type-email elementor-field-group elementor-column elementor-field-group-field_b6d7768 elementor-col-50 elementor-md-100 elementor-field-required\">\n\t\t\t\t\t\t\t\t\t\t\t\t<label for=\"form-field-field_b6d7768\" class=\"elementor-field-label elementor-screen-only\">\n\t\t\t\t\t\t\t\tEmail*\t\t\t\t\t\t\t<\/label>\n\t\t\t\t\t\t\t\t\t\t\t\t\t\t<input size=\"1\" type=\"email\" name=\"form_fields[field_b6d7768]\" id=\"form-field-field_b6d7768\" class=\"elementor-field elementor-size-sm  elementor-field-textual\" placeholder=\"Email*\" required=\"required\">\n\t\t\t\t\t\t\t\t\t\t\t<\/div>\n\t\t\t\t\t\t\t\t<div class=\"elementor-field-type-text elementor-field-group elementor-column elementor-field-group-field_fgh68 elementor-col-50\">\n\t\t\t\t\t\t\t\t\t\t\t\t<label for=\"form-field-field_fgh68\" class=\"elementor-field-label elementor-screen-only\">\n\t\t\t\t\t\t\t\tCompany Name\t\t\t\t\t\t\t<\/label>\n\t\t\t\t\t\t\t\t\t\t\t\t\t\t<input size=\"1\" type=\"text\" name=\"form_fields[field_fgh68]\" id=\"form-field-field_fgh68\" class=\"elementor-field elementor-size-sm  elementor-field-textual\" placeholder=\"Company Name\">\n\t\t\t\t\t\t\t\t\t\t\t<\/div>\n\t\t\t\t\t\t\t\t<div class=\"elementor-field-type-url elementor-field-group elementor-column elementor-field-group-field_9426d65 elementor-col-50\">\n\t\t\t\t\t\t\t\t\t\t\t\t<label for=\"form-field-field_9426d65\" class=\"elementor-field-label elementor-screen-only\">\n\t\t\t\t\t\t\t\tWebsite\t\t\t\t\t\t\t<\/label>\n\t\t\t\t\t\t\t\t\t\t\t\t\t\t<input size=\"1\" type=\"url\" name=\"form_fields[field_9426d65]\" id=\"form-field-field_9426d65\" class=\"elementor-field elementor-size-sm  elementor-field-textual\" placeholder=\"Website\">\n\t\t\t\t\t\t\t\t\t\t\t<\/div>\n\t\t\t\t\t\t\t\t<div class=\"elementor-field-type-textarea elementor-field-group elementor-column elementor-field-group-message elementor-col-100 elementor-field-required\">\n\t\t\t\t\t\t\t\t\t\t\t\t<label for=\"form-field-message\" class=\"elementor-field-label elementor-screen-only\">\n\t\t\t\t\t\t\t\tMessage\t\t\t\t\t\t\t<\/label>\n\t\t\t\t\t\t<textarea class=\"elementor-field-textual elementor-field  elementor-size-sm\" name=\"form_fields[message]\" id=\"form-field-message\" rows=\"4\" placeholder=\"Tell us all about it\" required=\"required\"><\/textarea>\t\t\t\t<\/div>\n\t\t\t\t\t\t\t\t<div class=\"elementor-field-type-recaptcha elementor-field-group elementor-column elementor-field-group-field_e4daf53 elementor-col-100\">\n\t\t\t\t\t<div class=\"elementor-field\" id=\"form-field-field_e4daf53\"><div class=\"elementor-g-recaptcha\" data-sitekey=\"6LeRzosqAAAAAKFjmfp4TMZIZosDirGecoWoQUUy\" data-type=\"v2_checkbox\" data-theme=\"light\" data-size=\"normal\"><\/div><\/div>\t\t\t\t<\/div>\n\t\t\t\t\t\t\t\t<div class=\"elementor-field-group elementor-column elementor-field-type-submit elementor-col-100 e-form__buttons\">\n\t\t\t\t\t<button class=\"elementor-button elementor-size-md\" type=\"submit\">\n\t\t\t\t\t\t<span class=\"elementor-button-content-wrapper\">\n\t\t\t\t\t\t\t\t\t\t\t\t\t\t\t\t\t\t\t\t\t\t<span class=\"elementor-button-text\">Send<\/span>\n\t\t\t\t\t\t\t\t\t\t\t\t\t<\/span>\n\t\t\t\t\t<\/button>\n\t\t\t\t<\/div>\n\t\t\t<\/div>\n\t\t<input type=\"hidden\" name=\"trp-form-language\" value=\"en\"\/><\/form>\n\t\t\t\t\t\t<\/div>\n\t\t\t\t<\/div>\n\t\t\t\t<\/div>\n\t\t\t\t\t<\/div>\n\t\t\t\t<\/div>\n\t\t\t\t<\/div>","protected":false},"excerpt":{"rendered":"<p>Travaillons ensemble Votre projet commence ici ! Coordonn\u00e9es N\u2019h\u00e9sitez pas \u00e0 nous appeler ou \u00e0 nous rendre visite pour discuter de votre projet ; nos experts sont pr\u00eats \u00e0 vous accompagner dans la r\u00e9alisation de vos id\u00e9es. +33 (0)3 84 85 22 10 +33 (0)3 84 44 66 64 250 rue du Savagnin 39230 PASSENANS [&hellip;]<\/p>","protected":false},"author":1,"featured_media":0,"parent":0,"menu_order":0,"comment_status":"closed","ping_status":"closed","template":"elementor_header_footer","meta":{"_acf_changed":false,"footnotes":""},"class_list":["post-43","page","type-page","status-publish","hentry"],"acf":[],"yoast_head":"<!-- This site is optimized with the Yoast SEO plugin v26.9 - https:\/\/yoast.com\/product\/yoast-seo-wordpress\/ -->\n<title>Contactez Nos Experts &amp; R\u00e9alisez Vos Projets | Marotte<\/title>\n<meta name=\"robots\" content=\"index, follow, max-snippet:-1, max-image-preview:large, max-video-preview:-1\" \/>\n<link rel=\"canonical\" href=\"https:\/\/marotte.com\/en\/contact\/\" \/>\n<meta property=\"og:locale\" content=\"en_GB\" \/>\n<meta property=\"og:type\" content=\"article\" \/>\n<meta property=\"og:title\" content=\"Contactez Nos Experts &amp; R\u00e9alisez Vos Projets | Marotte\" \/>\n<meta property=\"og:description\" content=\"Travaillons ensemble Votre projet commence ici ! Coordonn\u00e9es N\u2019h\u00e9sitez pas \u00e0 nous appeler ou \u00e0 nous rendre visite pour discuter de votre projet ; nos experts sont pr\u00eats \u00e0 vous accompagner dans la r\u00e9alisation de vos id\u00e9es. +33 (0)3 84 85 22 10 +33 (0)3 84 44 66 64 250 rue du Savagnin 39230 PASSENANS [&hellip;]\" \/>\n<meta property=\"og:url\" content=\"https:\/\/marotte.com\/en\/contact\/\" \/>\n<meta property=\"og:site_name\" content=\"Marotte\" \/>\n<meta property=\"article:publisher\" content=\"https:\/\/www.facebook.com\/coffretsmarotte\/\" \/>\n<meta property=\"article:modified_time\" content=\"2026-04-23T16:10:22+00:00\" \/>\n<meta property=\"og:image\" content=\"https:\/\/marotte.com\/wp-content\/uploads\/2024\/08\/travaillons-ensemble-contact-marotte.jpg\" \/>\n\t<meta property=\"og:image:width\" content=\"1920\" \/>\n\t<meta property=\"og:image:height\" content=\"288\" \/>\n\t<meta property=\"og:image:type\" content=\"image\/jpeg\" \/>\n<meta name=\"twitter:card\" content=\"summary_large_image\" \/>\n<meta name=\"twitter:label1\" content=\"Estimated reading time\" \/>\n\t<meta name=\"twitter:data1\" content=\"1 minute\" \/>\n<script type=\"application\/ld+json\" class=\"yoast-schema-graph\">{\"@context\":\"https:\/\/schema.org\",\"@graph\":[{\"@type\":\"WebPage\",\"@id\":\"https:\/\/marotte.com\/contact\/\",\"url\":\"https:\/\/marotte.com\/contact\/\",\"name\":\"Contactez Nos Experts & R\u00e9alisez Vos Projets | Marotte\",\"isPartOf\":{\"@id\":\"https:\/\/marotte.com\/#website\"},\"primaryImageOfPage\":{\"@id\":\"https:\/\/marotte.com\/contact\/#primaryimage\"},\"image\":{\"@id\":\"https:\/\/marotte.com\/contact\/#primaryimage\"},\"thumbnailUrl\":\"https:\/\/marotte.com\/wp-content\/uploads\/2024\/08\/travaillons-ensemble-contact-marotte.jpg\",\"datePublished\":\"2024-07-15T08:08:33+00:00\",\"dateModified\":\"2026-04-23T16:10:22+00:00\",\"breadcrumb\":{\"@id\":\"https:\/\/marotte.com\/contact\/#breadcrumb\"},\"inLanguage\":\"en-GB\",\"potentialAction\":[{\"@type\":\"ReadAction\",\"target\":[\"https:\/\/marotte.com\/contact\/\"]}]},{\"@type\":\"ImageObject\",\"inLanguage\":\"en-GB\",\"@id\":\"https:\/\/marotte.com\/contact\/#primaryimage\",\"url\":\"https:\/\/marotte.com\/wp-content\/uploads\/2024\/08\/travaillons-ensemble-contact-marotte.jpg\",\"contentUrl\":\"https:\/\/marotte.com\/wp-content\/uploads\/2024\/08\/travaillons-ensemble-contact-marotte.jpg\"},{\"@type\":\"BreadcrumbList\",\"@id\":\"https:\/\/marotte.com\/contact\/#breadcrumb\",\"itemListElement\":[{\"@type\":\"ListItem\",\"position\":1,\"name\":\"Accueil\",\"item\":\"https:\/\/marotte.com\/\"},{\"@type\":\"ListItem\",\"position\":2,\"name\":\"Contact\"}]},{\"@type\":\"WebSite\",\"@id\":\"https:\/\/marotte.com\/#website\",\"url\":\"https:\/\/marotte.com\/\",\"name\":\"Marotte\",\"description\":\"Le travail du bois\",\"publisher\":{\"@id\":\"https:\/\/marotte.com\/#organization\"},\"potentialAction\":[{\"@type\":\"SearchAction\",\"target\":{\"@type\":\"EntryPoint\",\"urlTemplate\":\"https:\/\/marotte.com\/?s={search_term_string}\"},\"query-input\":{\"@type\":\"PropertyValueSpecification\",\"valueRequired\":true,\"valueName\":\"search_term_string\"}}],\"inLanguage\":\"en-GB\"},{\"@type\":\"Organization\",\"@id\":\"https:\/\/marotte.com\/#organization\",\"name\":\"Marotte\",\"url\":\"https:\/\/marotte.com\/\",\"logo\":{\"@type\":\"ImageObject\",\"inLanguage\":\"en-GB\",\"@id\":\"https:\/\/marotte.com\/#\/schema\/logo\/image\/\",\"url\":\"https:\/\/marotte.com\/wp-content\/uploads\/2024\/07\/marotte.png\",\"contentUrl\":\"https:\/\/marotte.com\/wp-content\/uploads\/2024\/07\/marotte.png\",\"width\":257,\"height\":100,\"caption\":\"Marotte\"},\"image\":{\"@id\":\"https:\/\/marotte.com\/#\/schema\/logo\/image\/\"},\"sameAs\":[\"https:\/\/www.facebook.com\/coffretsmarotte\/\",\"https:\/\/www.linkedin.com\/company\/marotte-pascal\/\"]}]}<\/script>\n<!-- \/ Yoast SEO plugin. -->","yoast_head_json":{"title":"Contact Our Experts &amp; Carry Out Your Projects | Marotte","robots":{"index":"index","follow":"follow","max-snippet":"max-snippet:-1","max-image-preview":"max-image-preview:large","max-video-preview":"max-video-preview:-1"},"canonical":"https:\/\/marotte.com\/en\/contact\/","og_locale":"en_GB","og_type":"article","og_title":"Contactez Nos Experts & R\u00e9alisez Vos Projets | Marotte","og_description":"Travaillons ensemble Votre projet commence ici ! Coordonn\u00e9es N\u2019h\u00e9sitez pas \u00e0 nous appeler ou \u00e0 nous rendre visite pour discuter de votre projet ; nos experts sont pr\u00eats \u00e0 vous accompagner dans la r\u00e9alisation de vos id\u00e9es. +33 (0)3 84 85 22 10 +33 (0)3 84 44 66 64 250 rue du Savagnin 39230 PASSENANS [&hellip;]","og_url":"https:\/\/marotte.com\/en\/contact\/","og_site_name":"Marotte","article_publisher":"https:\/\/www.facebook.com\/coffretsmarotte\/","article_modified_time":"2026-04-23T16:10:22+00:00","og_image":[{"width":1920,"height":288,"url":"https:\/\/marotte.com\/wp-content\/uploads\/2024\/08\/travaillons-ensemble-contact-marotte.jpg","type":"image\/jpeg"}],"twitter_card":"summary_large_image","twitter_misc":{"Estimated reading time":"1 minute"},"schema":{"@context":"https:\/\/schema.org","@graph":[{"@type":"WebPage","@id":"https:\/\/marotte.com\/contact\/","url":"https:\/\/marotte.com\/contact\/","name":"Contact Our Experts &amp; Carry Out Your Projects | Marotte","isPartOf":{"@id":"https:\/\/marotte.com\/#website"},"primaryImageOfPage":{"@id":"https:\/\/marotte.com\/contact\/#primaryimage"},"image":{"@id":"https:\/\/marotte.com\/contact\/#primaryimage"},"thumbnailUrl":"https:\/\/marotte.com\/wp-content\/uploads\/2024\/08\/travaillons-ensemble-contact-marotte.jpg","datePublished":"2024-07-15T08:08:33+00:00","dateModified":"2026-04-23T16:10:22+00:00","breadcrumb":{"@id":"https:\/\/marotte.com\/contact\/#breadcrumb"},"inLanguage":"en-GB","potentialAction":[{"@type":"ReadAction","target":["https:\/\/marotte.com\/contact\/"]}]},{"@type":"ImageObject","inLanguage":"en-GB","@id":"https:\/\/marotte.com\/contact\/#primaryimage","url":"https:\/\/marotte.com\/wp-content\/uploads\/2024\/08\/travaillons-ensemble-contact-marotte.jpg","contentUrl":"https:\/\/marotte.com\/wp-content\/uploads\/2024\/08\/travaillons-ensemble-contact-marotte.jpg"},{"@type":"BreadcrumbList","@id":"https:\/\/marotte.com\/contact\/#breadcrumb","itemListElement":[{"@type":"ListItem","position":1,"name":"Accueil","item":"https:\/\/marotte.com\/"},{"@type":"ListItem","position":2,"name":"Contact"}]},{"@type":"WebSite","@id":"https:\/\/marotte.com\/#website","url":"https:\/\/marotte.com\/","name":"Marotte","description":"Bespoke woodworking","publisher":{"@id":"https:\/\/marotte.com\/#organization"},"potentialAction":[{"@type":"SearchAction","target":{"@type":"EntryPoint","urlTemplate":"https:\/\/marotte.com\/?s={search_term_string}"},"query-input":{"@type":"PropertyValueSpecification","valueRequired":true,"valueName":"search_term_string"}}],"inLanguage":"en-GB"},{"@type":"Organization","@id":"https:\/\/marotte.com\/#organization","name":"Marotte","url":"https:\/\/marotte.com\/","logo":{"@type":"ImageObject","inLanguage":"en-GB","@id":"https:\/\/marotte.com\/#\/schema\/logo\/image\/","url":"https:\/\/marotte.com\/wp-content\/uploads\/2024\/07\/marotte.png","contentUrl":"https:\/\/marotte.com\/wp-content\/uploads\/2024\/07\/marotte.png","width":257,"height":100,"caption":"Marotte"},"image":{"@id":"https:\/\/marotte.com\/#\/schema\/logo\/image\/"},"sameAs":["https:\/\/www.facebook.com\/coffretsmarotte\/","https:\/\/www.linkedin.com\/company\/marotte-pascal\/"]}]}},"_links":{"self":[{"href":"https:\/\/marotte.com\/en\/wp-json\/wp\/v2\/pages\/43","targetHints":{"allow":["GET"]}}],"collection":[{"href":"https:\/\/marotte.com\/en\/wp-json\/wp\/v2\/pages"}],"about":[{"href":"https:\/\/marotte.com\/en\/wp-json\/wp\/v2\/types\/page"}],"author":[{"embeddable":true,"href":"https:\/\/marotte.com\/en\/wp-json\/wp\/v2\/users\/1"}],"replies":[{"embeddable":true,"href":"https:\/\/marotte.com\/en\/wp-json\/wp\/v2\/comments?post=43"}],"version-history":[{"count":3,"href":"https:\/\/marotte.com\/en\/wp-json\/wp\/v2\/pages\/43\/revisions"}],"predecessor-version":[{"id":1925,"href":"https:\/\/marotte.com\/en\/wp-json\/wp\/v2\/pages\/43\/revisions\/1925"}],"wp:attachment":[{"href":"https:\/\/marotte.com\/en\/wp-json\/wp\/v2\/media?parent=43"}],"curies":[{"name":"wp","href":"https:\/\/api.w.org\/{rel}","templated":true}]}}