{"id":459,"date":"2024-08-07T14:13:17","date_gmt":"2024-08-07T14:13:17","guid":{"rendered":"https:\/\/marotte.com\/?page_id=459"},"modified":"2024-12-03T22:51:00","modified_gmt":"2024-12-03T21:51:00","slug":"machine-park","status":"publish","type":"page","link":"https:\/\/marotte.com\/en\/machine-park\/","title":{"rendered":"Machinery-Park"},"content":{"rendered":"<div data-elementor-type=\"wp-page\" data-elementor-id=\"459\" class=\"elementor elementor-459\" data-elementor-post-type=\"page\">\n\t\t\t\t<div class=\"elementor-element elementor-element-2a904072 e-flex e-con-boxed e-con e-parent\" data-id=\"2a904072\" data-element_type=\"container\" data-e-type=\"container\">\n\t\t\t\t\t<div class=\"e-con-inner\">\n\t\t\t\t<div class=\"elementor-element elementor-element-ae8642a elementor-widget elementor-widget-image\" data-id=\"ae8642a\" data-element_type=\"widget\" data-e-type=\"widget\" data-widget_type=\"image.default\">\n\t\t\t\t<div class=\"elementor-widget-container\">\n\t\t\t\t\t\t\t\t\t\t\t\t\t\t\t<img decoding=\"async\" width=\"1600\" height=\"580\" src=\"https:\/\/marotte.com\/wp-content\/uploads\/2024\/10\/parc-marchine-marotte.jpg\" class=\"attachment-full size-full wp-image-960\" alt=\"Machinery Park Marotte\" srcset=\"https:\/\/marotte.com\/wp-content\/uploads\/2024\/10\/parc-marchine-marotte.jpg 1600w, https:\/\/marotte.com\/wp-content\/uploads\/2024\/10\/parc-marchine-marotte-300x109.jpg 300w, https:\/\/marotte.com\/wp-content\/uploads\/2024\/10\/parc-marchine-marotte-1024x371.jpg 1024w, https:\/\/marotte.com\/wp-content\/uploads\/2024\/10\/parc-marchine-marotte-768x278.jpg 768w, https:\/\/marotte.com\/wp-content\/uploads\/2024\/10\/parc-marchine-marotte-1536x557.jpg 1536w\" sizes=\"(max-width: 1600px) 100vw, 1600px\" \/>\t\t\t\t\t\t\t\t\t\t\t\t\t\t\t<\/div>\n\t\t\t\t<\/div>\n\t\t\t\t<div class=\"elementor-element elementor-element-6e02b562 elementor-widget elementor-widget-heading\" data-id=\"6e02b562\" data-element_type=\"widget\" data-e-type=\"widget\" data-widget_type=\"heading.default\">\n\t\t\t\t<div class=\"elementor-widget-container\">\n\t\t\t\t\t<div class=\"elementor-heading-title elementor-size-default\">Unique production capacity in France<\/div>\t\t\t\t<\/div>\n\t\t\t\t<\/div>\n\t\t\t\t<div class=\"elementor-element elementor-element-f28d259 elementor-widget elementor-widget-heading\" data-id=\"f28d259\" data-element_type=\"widget\" data-e-type=\"widget\" data-widget_type=\"heading.default\">\n\t\t\t\t<div class=\"elementor-widget-container\">\n\t\t\t\t\t<h1 class=\"elementor-heading-title elementor-size-default\">Machinery-Park<\/h1>\t\t\t\t<\/div>\n\t\t\t\t<\/div>\n\t\t\t\t\t<\/div>\n\t\t\t\t<\/div>\n\t\t<div class=\"elementor-element elementor-element-5d63c4a e-flex e-con-boxed e-con e-parent\" data-id=\"5d63c4a\" data-element_type=\"container\" data-e-type=\"container\">\n\t\t\t\t\t<div class=\"e-con-inner\">\n\t\t<div class=\"elementor-element elementor-element-551243a e-con-full e-flex e-con e-child\" data-id=\"551243a\" data-element_type=\"container\" data-e-type=\"container\">\n\t\t\t\t<div class=\"elementor-element elementor-element-53c040b elementor-widget elementor-widget-heading\" data-id=\"53c040b\" data-element_type=\"widget\" data-e-type=\"widget\" data-widget_type=\"heading.default\">\n\t\t\t\t<div class=\"elementor-widget-container\">\n\t\t\t\t\t<h2 class=\"elementor-heading-title elementor-size-default\">Homag Centateq T-700<\/h2>\t\t\t\t<\/div>\n\t\t\t\t<\/div>\n\t\t\t\t<div class=\"elementor-element elementor-element-0c5b3f8 elementor-widget elementor-widget-text-editor\" data-id=\"0c5b3f8\" data-element_type=\"widget\" data-e-type=\"widget\" data-widget_type=\"text-editor.default\">\n\t\t\t\t<div class=\"elementor-widget-container\">\n\t\t\t\t\t\t\t\t\t<p>The first in this range to be delivered in France.<\/p>\t\t\t\t\t\t\t\t<\/div>\n\t\t\t\t<\/div>\n\t\t\t\t<\/div>\n\t\t<div class=\"elementor-element elementor-element-1a9a367 e-con-full e-flex e-con e-child\" data-id=\"1a9a367\" data-element_type=\"container\" data-e-type=\"container\">\n\t\t<div class=\"elementor-element elementor-element-47db605 e-con-full e-flex e-con e-child\" data-id=\"47db605\" data-element_type=\"container\" data-e-type=\"container\">\n\t\t\t\t<div class=\"elementor-element elementor-element-175a369 elementor-widget elementor-widget-heading\" data-id=\"175a369\" data-element_type=\"widget\" data-e-type=\"widget\" data-widget_type=\"heading.default\">\n\t\t\t\t<div class=\"elementor-widget-container\">\n\t\t\t\t\t<h3 class=\"elementor-heading-title elementor-size-default\">Homag<\/h3>\t\t\t\t<\/div>\n\t\t\t\t<\/div>\n\t\t\t\t<div class=\"elementor-element elementor-element-c621352 elementor-widget elementor-widget-text-editor\" data-id=\"c621352\" data-element_type=\"widget\" data-e-type=\"widget\" data-widget_type=\"text-editor.default\">\n\t\t\t\t<div class=\"elementor-widget-container\">\n\t\t\t\t\t\t\t\t\t<p>World leader in integrated production solutions for the wood industry, creating machines with the latest technology and impressive precision.<\/p>\t\t\t\t\t\t\t\t<\/div>\n\t\t\t\t<\/div>\n\t\t\t\t<\/div>\n\t\t<div class=\"elementor-element elementor-element-6433456 e-con-full e-flex e-con e-child\" data-id=\"6433456\" data-element_type=\"container\" data-e-type=\"container\">\n\t\t\t\t<div class=\"elementor-element elementor-element-5bc1f9f elementor-widget elementor-widget-heading\" data-id=\"5bc1f9f\" data-element_type=\"widget\" data-e-type=\"widget\" data-widget_type=\"heading.default\">\n\t\t\t\t<div class=\"elementor-widget-container\">\n\t\t\t\t\t<h3 class=\"elementor-heading-title elementor-size-default\">Centateq T-700<\/h3>\t\t\t\t<\/div>\n\t\t\t\t<\/div>\n\t\t\t\t<div class=\"elementor-element elementor-element-b49eb71 elementor-widget elementor-widget-text-editor\" data-id=\"b49eb71\" data-element_type=\"widget\" data-e-type=\"widget\" data-widget_type=\"text-editor.default\">\n\t\t\t\t<div class=\"elementor-widget-container\">\n\t\t\t\t\t\t\t\t\t<p>A concentrate of technology and a real everyday ally. The Centateq T-700 is a high-precision machining centre, used during the machining phases of your future enclosures. Equipped with 2 5-axis heads and 24 different tools per head, it can be used for cutting, milling and machining. Its on-board three-dimensional measurement system automatically locates the parts to be machined on the 6 x 2 metre table. Numerous projects have been carried out with highly accurate cuts on flat or volume parts. Its high output saves 30% time compared to traditional machining.<\/p>\t\t\t\t\t\t\t\t<\/div>\n\t\t\t\t<\/div>\n\t\t\t\t<\/div>\n\t\t\t\t<\/div>\n\t\t\t\t\t<\/div>\n\t\t\t\t<\/div>\n\t\t<div class=\"elementor-element elementor-element-eb3742d e-flex e-con-boxed e-con e-parent\" data-id=\"eb3742d\" data-element_type=\"container\" data-e-type=\"container\">\n\t\t\t\t\t<div class=\"e-con-inner\">\n\t\t<div class=\"elementor-element elementor-element-5c9822e e-con-full e-flex e-con e-child\" data-id=\"5c9822e\" data-element_type=\"container\" data-e-type=\"container\">\n\t\t<div class=\"elementor-element elementor-element-6e260ff e-con-full e-flex e-con e-child\" data-id=\"6e260ff\" data-element_type=\"container\" data-e-type=\"container\">\n\t\t\t\t<div class=\"elementor-element elementor-element-452db0e elementor-widget elementor-widget-heading\" data-id=\"452db0e\" data-element_type=\"widget\" data-e-type=\"widget\" data-widget_type=\"heading.default\">\n\t\t\t\t<div class=\"elementor-widget-container\">\n\t\t\t\t\t<h3 class=\"elementor-heading-title elementor-size-default\">The company is expanding<\/h3>\t\t\t\t<\/div>\n\t\t\t\t<\/div>\n\t\t\t\t<div class=\"elementor-element elementor-element-84efa15 elementor-widget elementor-widget-text-editor\" data-id=\"84efa15\" data-element_type=\"widget\" data-e-type=\"widget\" data-widget_type=\"text-editor.default\">\n\t\t\t\t<div class=\"elementor-widget-container\">\n\t\t\t\t\t\t\t\t\t<p>The integration of cutting-edge equipment such as a new finishing line and advanced machining centres was a key point for us! All this strengthens our operational capacity and gives us a more spacious workspace, conducive to greater collective efficiency.<\/p>\t\t\t\t\t\t\t\t<\/div>\n\t\t\t\t<\/div>\n\t\t\t\t<\/div>\n\t\t\t\t<\/div>\n\t\t<div class=\"elementor-element elementor-element-e5ad82e e-con-full e-flex e-con e-child\" data-id=\"e5ad82e\" data-element_type=\"container\" data-e-type=\"container\">\n\t\t\t\t<div class=\"elementor-element elementor-element-cd113d8 elementor-widget elementor-widget-heading\" data-id=\"cd113d8\" data-element_type=\"widget\" data-e-type=\"widget\" data-widget_type=\"heading.default\">\n\t\t\t\t<div class=\"elementor-widget-container\">\n\t\t\t\t\t<h2 class=\"elementor-heading-title elementor-size-default\">5000 M\u00b2 FOR PRODUCTION<\/h2>\t\t\t\t<\/div>\n\t\t\t\t<\/div>\n\t\t\t\t<div class=\"elementor-element elementor-element-e96ba6a elementor-widget elementor-widget-text-editor\" data-id=\"e96ba6a\" data-element_type=\"widget\" data-e-type=\"widget\" data-widget_type=\"text-editor.default\">\n\t\t\t\t<div class=\"elementor-widget-container\">\n\t\t\t\t\t\t\t\t\t<p>A 5,000 m\u00b2 building to produce exceptional products, and we're proud of it<\/p>\t\t\t\t\t\t\t\t<\/div>\n\t\t\t\t<\/div>\n\t\t\t\t<\/div>\n\t\t\t\t\t<\/div>\n\t\t\t\t<\/div>\n\t\t<div class=\"elementor-element elementor-element-4850ba8 e-flex e-con-boxed e-con e-parent\" data-id=\"4850ba8\" data-element_type=\"container\" data-e-type=\"container\">\n\t\t\t\t\t<div class=\"e-con-inner\">\n\t\t\t\t<div class=\"elementor-element elementor-element-3026623 elementor-widget elementor-widget-heading\" data-id=\"3026623\" data-element_type=\"widget\" data-e-type=\"widget\" data-widget_type=\"heading.default\">\n\t\t\t\t<div class=\"elementor-widget-container\">\n\t\t\t\t\t<div class=\"elementor-heading-title elementor-size-default\">Unique production capacity in France<\/div>\t\t\t\t<\/div>\n\t\t\t\t<\/div>\n\t\t\t\t<div class=\"elementor-element elementor-element-b38abfc elementor-widget elementor-widget-heading\" data-id=\"b38abfc\" data-element_type=\"widget\" data-e-type=\"widget\" data-widget_type=\"heading.default\">\n\t\t\t\t<div class=\"elementor-widget-container\">\n\t\t\t\t\t<h2 class=\"elementor-heading-title elementor-size-default\">Research &amp; Development<\/h2>\t\t\t\t<\/div>\n\t\t\t\t<\/div>\n\t\t\t\t<div class=\"elementor-element elementor-element-698af1d elementor-widget__width-initial elementor-widget elementor-widget-text-editor\" data-id=\"698af1d\" data-element_type=\"widget\" data-e-type=\"widget\" data-widget_type=\"text-editor.default\">\n\t\t\t\t<div class=\"elementor-widget-container\">\n\t\t\t\t\t\t\t\t\t<p>Research and development is at the heart of our innovation. Our dedicated team is constantly exploring new techniques and materials to improve our products and anticipate our customers' needs. Thanks to our ongoing investment in R&amp;D, we are able to offer creative, tailor-made solutions, while maintaining the highest standards of quality and sustainability.<\/p>\t\t\t\t\t\t\t\t<\/div>\n\t\t\t\t<\/div>\n\t\t\t\t<div class=\"elementor-element elementor-element-da89e4d elementor-tablet-align-center elementor-widget-mobile__width-inherit elementor-invisible elementor-widget elementor-widget-button\" data-id=\"da89e4d\" data-element_type=\"widget\" data-e-type=\"widget\" data-settings=\"{&quot;_animation&quot;:&quot;fadeInDown&quot;}\" data-widget_type=\"button.default\">\n\t\t\t\t<div class=\"elementor-widget-container\">\n\t\t\t\t\t\t\t\t\t<div class=\"elementor-button-wrapper\">\n\t\t\t\t\t<a class=\"elementor-button elementor-button-link elementor-size-md\" href=\"https:\/\/marotte.com\/en\/research-and-development\/\">\n\t\t\t\t\t\t<span class=\"elementor-button-content-wrapper\">\n\t\t\t\t\t\t\t\t\t<span class=\"elementor-button-text\">Discover<\/span>\n\t\t\t\t\t<\/span>\n\t\t\t\t\t<\/a>\n\t\t\t\t<\/div>\n\t\t\t\t\t\t\t\t<\/div>\n\t\t\t\t<\/div>\n\t\t\t\t<div class=\"elementor-element elementor-element-eb7a013 elementor-widget elementor-widget-image\" data-id=\"eb7a013\" data-element_type=\"widget\" data-e-type=\"widget\" data-widget_type=\"image.default\">\n\t\t\t\t<div class=\"elementor-widget-container\">\n\t\t\t\t\t\t\t\t\t\t\t\t\t\t\t<img decoding=\"async\" width=\"1920\" height=\"812\" src=\"https:\/\/marotte.com\/wp-content\/uploads\/2024\/08\/nouvelles-techniques-et-materiaux-marotte.jpg\" class=\"attachment-full size-full wp-image-419\" alt=\"New Techniques &amp; Materials \u2013 Marotte Research &amp; Development\" srcset=\"https:\/\/marotte.com\/wp-content\/uploads\/2024\/08\/nouvelles-techniques-et-materiaux-marotte.jpg 1920w, https:\/\/marotte.com\/wp-content\/uploads\/2024\/08\/nouvelles-techniques-et-materiaux-marotte-300x127.jpg 300w, https:\/\/marotte.com\/wp-content\/uploads\/2024\/08\/nouvelles-techniques-et-materiaux-marotte-1024x433.jpg 1024w, https:\/\/marotte.com\/wp-content\/uploads\/2024\/08\/nouvelles-techniques-et-materiaux-marotte-768x325.jpg 768w, https:\/\/marotte.com\/wp-content\/uploads\/2024\/08\/nouvelles-techniques-et-materiaux-marotte-1536x650.jpg 1536w\" sizes=\"(max-width: 1920px) 100vw, 1920px\" \/>\t\t\t\t\t\t\t\t\t\t\t\t\t\t\t<\/div>\n\t\t\t\t<\/div>\n\t\t\t\t\t<\/div>\n\t\t\t\t<\/div>\n\t\t<div class=\"elementor-element elementor-element-a5f91bc e-flex e-con-boxed e-con e-parent\" data-id=\"a5f91bc\" data-element_type=\"container\" data-e-type=\"container\">\n\t\t\t\t\t<div class=\"e-con-inner\">\n\t\t\t\t<div class=\"elementor-element elementor-element-3dcd146 elementor-widget elementor-widget-template\" data-id=\"3dcd146\" data-element_type=\"widget\" data-e-type=\"widget\" data-widget_type=\"template.default\">\n\t\t\t\t<div class=\"elementor-widget-container\">\n\t\t\t\t\t\t\t<div class=\"elementor-template\">\n\t\t\t\t\t<div data-elementor-type=\"container\" data-elementor-id=\"353\" class=\"elementor elementor-353\" data-elementor-post-type=\"elementor_library\">\n\t\t\t\t<div class=\"elementor-element elementor-element-4138d601 e-flex e-con-boxed e-con e-parent\" data-id=\"4138d601\" data-element_type=\"container\" data-e-type=\"container\">\n\t\t\t\t\t<div class=\"e-con-inner\">\n\t\t\t\t<div class=\"elementor-element elementor-element-6a8689f0 elementor-widget__width-initial elementor-widget elementor-widget-heading\" data-id=\"6a8689f0\" data-element_type=\"widget\" data-e-type=\"widget\" data-widget_type=\"heading.default\">\n\t\t\t\t<div class=\"elementor-widget-container\">\n\t\t\t\t\t<div class=\"elementor-heading-title elementor-size-default\">Let's work together!<\/div>\t\t\t\t<\/div>\n\t\t\t\t<\/div>\n\t\t\t\t<div class=\"elementor-element elementor-element-502ed5c elementor-widget elementor-widget-text-editor\" data-id=\"502ed5c\" data-element_type=\"widget\" data-e-type=\"widget\" data-widget_type=\"text-editor.default\">\n\t\t\t\t<div class=\"elementor-widget-container\">\n\t\t\t\t\t\t\t\t\t<p>Our teams are ready to work with you to bring to life bespoke products that will exceed your expectations. Together, we can shape the future of your brand with elegance and precision.<br>We look forward to contributing to your success.<\/p>\t\t\t\t\t\t\t\t<\/div>\n\t\t\t\t<\/div>\n\t\t\t\t<div class=\"elementor-element elementor-element-fa0d73d elementor-tablet-align-center elementor-widget-mobile__width-inherit elementor-align-center elementor-invisible elementor-widget elementor-widget-button\" data-id=\"fa0d73d\" data-element_type=\"widget\" data-e-type=\"widget\" data-settings=\"{&quot;_animation&quot;:&quot;fadeInDown&quot;}\" data-widget_type=\"button.default\">\n\t\t\t\t<div class=\"elementor-widget-container\">\n\t\t\t\t\t\t\t\t\t<div class=\"elementor-button-wrapper\">\n\t\t\t\t\t<a class=\"elementor-button elementor-button-link elementor-size-md\" href=\"https:\/\/marotte.com\/en\/contact\/\">\n\t\t\t\t\t\t<span class=\"elementor-button-content-wrapper\">\n\t\t\t\t\t\t\t\t\t<span class=\"elementor-button-text\">Contact<\/span>\n\t\t\t\t\t<\/span>\n\t\t\t\t\t<\/a>\n\t\t\t\t<\/div>\n\t\t\t\t\t\t\t\t<\/div>\n\t\t\t\t<\/div>\n\t\t\t\t\t<\/div>\n\t\t\t\t<\/div>\n\t\t\t\t<\/div>\n\t\t\t\t<\/div>\n\t\t\t\t\t\t<\/div>\n\t\t\t\t<\/div>\n\t\t\t\t\t<\/div>\n\t\t\t\t<\/div>\n\t\t\t\t<\/div>","protected":false},"excerpt":{"rendered":"<p>Capacit\u00e9 de production unique en France Parc-Machine Homag Centateq T-700 La premi\u00e8re de cette gamme \u00e0 \u00eatre livr\u00e9e en France. Homag Leader mondial des solutions int\u00e9gr\u00e9es pour la production dans l\u2019industrie du bois et cr\u00e9e des machines dot\u00e9es des derni\u00e8res technologies et d\u2019une pr\u00e9cision impressionnante. Centateq T-700 Un concentr\u00e9 de technologie et un v\u00e9ritable alli\u00e9 [&hellip;]<\/p>","protected":false},"author":1,"featured_media":0,"parent":0,"menu_order":0,"comment_status":"closed","ping_status":"closed","template":"elementor_header_footer","meta":{"_acf_changed":false,"footnotes":""},"class_list":["post-459","page","type-page","status-publish","hentry"],"acf":[],"yoast_head":"<!-- This site is optimized with the Yoast SEO plugin v26.9 - https:\/\/yoast.com\/product\/yoast-seo-wordpress\/ -->\n<title>Pr\u00e9cision &amp; Performance pour l\u2019Usinage | Marotte<\/title>\n<meta name=\"description\" content=\"R\u00e9alisez des Usinages Pr\u00e9cis avec nos \u00e9quipements ! B\u00e9n\u00e9ficiez de notre Expertise en Innovation pour Fa\u00e7onner l&#039;Avenir de votre Marque.\" \/>\n<meta name=\"robots\" content=\"index, follow, max-snippet:-1, max-image-preview:large, max-video-preview:-1\" \/>\n<link rel=\"canonical\" href=\"https:\/\/marotte.com\/en\/machine-park\/\" \/>\n<meta property=\"og:locale\" content=\"en_GB\" \/>\n<meta property=\"og:type\" content=\"article\" \/>\n<meta property=\"og:title\" content=\"Pr\u00e9cision &amp; Performance pour l\u2019Usinage | Marotte\" \/>\n<meta property=\"og:description\" content=\"R\u00e9alisez des Usinages Pr\u00e9cis avec nos \u00e9quipements ! B\u00e9n\u00e9ficiez de notre Expertise en Innovation pour Fa\u00e7onner l&#039;Avenir de votre Marque.\" \/>\n<meta property=\"og:url\" content=\"https:\/\/marotte.com\/en\/machine-park\/\" \/>\n<meta property=\"og:site_name\" content=\"Marotte\" \/>\n<meta property=\"article:publisher\" content=\"https:\/\/www.facebook.com\/coffretsmarotte\/\" \/>\n<meta property=\"article:modified_time\" content=\"2024-12-03T21:51:00+00:00\" \/>\n<meta property=\"og:image\" content=\"https:\/\/marotte.com\/wp-content\/uploads\/2024\/10\/parc-marchine-marotte.jpg\" \/>\n<meta name=\"twitter:card\" content=\"summary_large_image\" \/>\n<meta name=\"twitter:label1\" content=\"Estimated reading time\" \/>\n\t<meta name=\"twitter:data1\" content=\"2 minutes\" \/>\n<script type=\"application\/ld+json\" class=\"yoast-schema-graph\">{\"@context\":\"https:\/\/schema.org\",\"@graph\":[{\"@type\":\"WebPage\",\"@id\":\"https:\/\/marotte.com\/parc-machine\/\",\"url\":\"https:\/\/marotte.com\/parc-machine\/\",\"name\":\"Pr\u00e9cision & Performance pour l\u2019Usinage | Marotte\",\"isPartOf\":{\"@id\":\"https:\/\/marotte.com\/#website\"},\"primaryImageOfPage\":{\"@id\":\"https:\/\/marotte.com\/parc-machine\/#primaryimage\"},\"image\":{\"@id\":\"https:\/\/marotte.com\/parc-machine\/#primaryimage\"},\"thumbnailUrl\":\"https:\/\/marotte.com\/wp-content\/uploads\/2024\/10\/parc-marchine-marotte.jpg\",\"datePublished\":\"2024-08-07T14:13:17+00:00\",\"dateModified\":\"2024-12-03T21:51:00+00:00\",\"description\":\"R\u00e9alisez des Usinages Pr\u00e9cis avec nos \u00e9quipements ! B\u00e9n\u00e9ficiez de notre Expertise en Innovation pour Fa\u00e7onner l'Avenir de votre Marque.\",\"breadcrumb\":{\"@id\":\"https:\/\/marotte.com\/parc-machine\/#breadcrumb\"},\"inLanguage\":\"en-GB\",\"potentialAction\":[{\"@type\":\"ReadAction\",\"target\":[\"https:\/\/marotte.com\/parc-machine\/\"]}]},{\"@type\":\"ImageObject\",\"inLanguage\":\"en-GB\",\"@id\":\"https:\/\/marotte.com\/parc-machine\/#primaryimage\",\"url\":\"https:\/\/marotte.com\/wp-content\/uploads\/2024\/10\/parc-marchine-marotte.jpg\",\"contentUrl\":\"https:\/\/marotte.com\/wp-content\/uploads\/2024\/10\/parc-marchine-marotte.jpg\"},{\"@type\":\"BreadcrumbList\",\"@id\":\"https:\/\/marotte.com\/parc-machine\/#breadcrumb\",\"itemListElement\":[{\"@type\":\"ListItem\",\"position\":1,\"name\":\"Accueil\",\"item\":\"https:\/\/marotte.com\/\"},{\"@type\":\"ListItem\",\"position\":2,\"name\":\"Parc-Machine\"}]},{\"@type\":\"WebSite\",\"@id\":\"https:\/\/marotte.com\/#website\",\"url\":\"https:\/\/marotte.com\/\",\"name\":\"Marotte\",\"description\":\"Le travail du bois\",\"publisher\":{\"@id\":\"https:\/\/marotte.com\/#organization\"},\"potentialAction\":[{\"@type\":\"SearchAction\",\"target\":{\"@type\":\"EntryPoint\",\"urlTemplate\":\"https:\/\/marotte.com\/?s={search_term_string}\"},\"query-input\":{\"@type\":\"PropertyValueSpecification\",\"valueRequired\":true,\"valueName\":\"search_term_string\"}}],\"inLanguage\":\"en-GB\"},{\"@type\":\"Organization\",\"@id\":\"https:\/\/marotte.com\/#organization\",\"name\":\"Marotte\",\"url\":\"https:\/\/marotte.com\/\",\"logo\":{\"@type\":\"ImageObject\",\"inLanguage\":\"en-GB\",\"@id\":\"https:\/\/marotte.com\/#\/schema\/logo\/image\/\",\"url\":\"https:\/\/marotte.com\/wp-content\/uploads\/2024\/07\/marotte.png\",\"contentUrl\":\"https:\/\/marotte.com\/wp-content\/uploads\/2024\/07\/marotte.png\",\"width\":257,\"height\":100,\"caption\":\"Marotte\"},\"image\":{\"@id\":\"https:\/\/marotte.com\/#\/schema\/logo\/image\/\"},\"sameAs\":[\"https:\/\/www.facebook.com\/coffretsmarotte\/\",\"https:\/\/www.linkedin.com\/company\/marotte-pascal\/\"]}]}<\/script>\n<!-- \/ Yoast SEO plugin. -->","yoast_head_json":{"title":"Precision &amp; Performance for Machining | Marotte","description":"Carry out precise machining with our equipment! Benefit from our innovation expertise to shape the future of your brand.","robots":{"index":"index","follow":"follow","max-snippet":"max-snippet:-1","max-image-preview":"max-image-preview:large","max-video-preview":"max-video-preview:-1"},"canonical":"https:\/\/marotte.com\/en\/machine-park\/","og_locale":"en_GB","og_type":"article","og_title":"Pr\u00e9cision & Performance pour l\u2019Usinage | Marotte","og_description":"R\u00e9alisez des Usinages Pr\u00e9cis avec nos \u00e9quipements ! B\u00e9n\u00e9ficiez de notre Expertise en Innovation pour Fa\u00e7onner l'Avenir de votre Marque.","og_url":"https:\/\/marotte.com\/en\/machine-park\/","og_site_name":"Marotte","article_publisher":"https:\/\/www.facebook.com\/coffretsmarotte\/","article_modified_time":"2024-12-03T21:51:00+00:00","og_image":[{"url":"https:\/\/marotte.com\/wp-content\/uploads\/2024\/10\/parc-marchine-marotte.jpg","type":"","width":"","height":""}],"twitter_card":"summary_large_image","twitter_misc":{"Estimated reading time":"2 minutes"},"schema":{"@context":"https:\/\/schema.org","@graph":[{"@type":"WebPage","@id":"https:\/\/marotte.com\/parc-machine\/","url":"https:\/\/marotte.com\/parc-machine\/","name":"Precision &amp; Performance for Machining | Marotte","isPartOf":{"@id":"https:\/\/marotte.com\/#website"},"primaryImageOfPage":{"@id":"https:\/\/marotte.com\/parc-machine\/#primaryimage"},"image":{"@id":"https:\/\/marotte.com\/parc-machine\/#primaryimage"},"thumbnailUrl":"https:\/\/marotte.com\/wp-content\/uploads\/2024\/10\/parc-marchine-marotte.jpg","datePublished":"2024-08-07T14:13:17+00:00","dateModified":"2024-12-03T21:51:00+00:00","description":"Carry out precise machining with our equipment! Benefit from our innovation expertise to shape the future of your brand.","breadcrumb":{"@id":"https:\/\/marotte.com\/parc-machine\/#breadcrumb"},"inLanguage":"en-GB","potentialAction":[{"@type":"ReadAction","target":["https:\/\/marotte.com\/parc-machine\/"]}]},{"@type":"ImageObject","inLanguage":"en-GB","@id":"https:\/\/marotte.com\/parc-machine\/#primaryimage","url":"https:\/\/marotte.com\/wp-content\/uploads\/2024\/10\/parc-marchine-marotte.jpg","contentUrl":"https:\/\/marotte.com\/wp-content\/uploads\/2024\/10\/parc-marchine-marotte.jpg"},{"@type":"BreadcrumbList","@id":"https:\/\/marotte.com\/parc-machine\/#breadcrumb","itemListElement":[{"@type":"ListItem","position":1,"name":"Accueil","item":"https:\/\/marotte.com\/"},{"@type":"ListItem","position":2,"name":"Parc-Machine"}]},{"@type":"WebSite","@id":"https:\/\/marotte.com\/#website","url":"https:\/\/marotte.com\/","name":"Marotte","description":"Bespoke woodworking","publisher":{"@id":"https:\/\/marotte.com\/#organization"},"potentialAction":[{"@type":"SearchAction","target":{"@type":"EntryPoint","urlTemplate":"https:\/\/marotte.com\/?s={search_term_string}"},"query-input":{"@type":"PropertyValueSpecification","valueRequired":true,"valueName":"search_term_string"}}],"inLanguage":"en-GB"},{"@type":"Organization","@id":"https:\/\/marotte.com\/#organization","name":"Marotte","url":"https:\/\/marotte.com\/","logo":{"@type":"ImageObject","inLanguage":"en-GB","@id":"https:\/\/marotte.com\/#\/schema\/logo\/image\/","url":"https:\/\/marotte.com\/wp-content\/uploads\/2024\/07\/marotte.png","contentUrl":"https:\/\/marotte.com\/wp-content\/uploads\/2024\/07\/marotte.png","width":257,"height":100,"caption":"Marotte"},"image":{"@id":"https:\/\/marotte.com\/#\/schema\/logo\/image\/"},"sameAs":["https:\/\/www.facebook.com\/coffretsmarotte\/","https:\/\/www.linkedin.com\/company\/marotte-pascal\/"]}]}},"_links":{"self":[{"href":"https:\/\/marotte.com\/en\/wp-json\/wp\/v2\/pages\/459","targetHints":{"allow":["GET"]}}],"collection":[{"href":"https:\/\/marotte.com\/en\/wp-json\/wp\/v2\/pages"}],"about":[{"href":"https:\/\/marotte.com\/en\/wp-json\/wp\/v2\/types\/page"}],"author":[{"embeddable":true,"href":"https:\/\/marotte.com\/en\/wp-json\/wp\/v2\/users\/1"}],"replies":[{"embeddable":true,"href":"https:\/\/marotte.com\/en\/wp-json\/wp\/v2\/comments?post=459"}],"version-history":[{"count":0,"href":"https:\/\/marotte.com\/en\/wp-json\/wp\/v2\/pages\/459\/revisions"}],"wp:attachment":[{"href":"https:\/\/marotte.com\/en\/wp-json\/wp\/v2\/media?parent=459"}],"curies":[{"name":"wp","href":"https:\/\/api.w.org\/{rel}","templated":true}]}}