{"id":470,"date":"2024-08-07T14:36:40","date_gmt":"2024-08-07T14:36:40","guid":{"rendered":"https:\/\/marotte.com\/?page_id=470"},"modified":"2024-12-03T08:12:54","modified_gmt":"2024-12-03T07:12:54","slug":"legal-information","status":"publish","type":"page","link":"https:\/\/marotte.com\/en\/legal-information\/","title":{"rendered":"Legal Notice"},"content":{"rendered":"<div data-elementor-type=\"wp-page\" data-elementor-id=\"470\" class=\"elementor elementor-470\" data-elementor-post-type=\"page\">\n\t\t\t\t<div class=\"elementor-element elementor-element-2a904072 e-flex e-con-boxed e-con e-parent\" data-id=\"2a904072\" data-element_type=\"container\" data-e-type=\"container\">\n\t\t\t\t\t<div class=\"e-con-inner\">\n\t\t\t\t<div class=\"elementor-element elementor-element-6e02b562 elementor-widget elementor-widget-heading\" data-id=\"6e02b562\" data-element_type=\"widget\" data-e-type=\"widget\" data-widget_type=\"heading.default\">\n\t\t\t\t<div class=\"elementor-widget-container\">\n\t\t\t\t\t<h1 class=\"elementor-heading-title elementor-size-default\">Legal Notice<\/h1>\t\t\t\t<\/div>\n\t\t\t\t<\/div>\n\t\t\t\t\t<\/div>\n\t\t\t\t<\/div>\n\t\t<div class=\"elementor-element elementor-element-1a72429 e-flex e-con-boxed e-con e-parent\" data-id=\"1a72429\" data-element_type=\"container\" data-e-type=\"container\">\n\t\t\t\t\t<div class=\"e-con-inner\">\n\t\t\t\t<div class=\"elementor-element elementor-element-4c6564c5 elementor-widget elementor-widget-text-editor\" data-id=\"4c6564c5\" data-element_type=\"widget\" data-e-type=\"widget\" data-widget_type=\"text-editor.default\">\n\t\t\t\t<div class=\"elementor-widget-container\">\n\t\t\t\t\t\t\t\t\t<h2>Site owner<\/h2><p>S.A.S. MAROTTE PASCAL<br \/>RCS Lons-le-Saunier 381 526 888<br \/>250, rue du savagnin<br \/>39230 Passenans<br \/>T\u00e9l. +33 (0)3 84 85 22 10<br \/>Fax +33 (0)3 84 44 66 64<br \/>Responsable de publication : Pascal Marotte<\/p><h2>Design and development<\/h2><p>Auguste &amp; L\u00e9opold<br \/>8 place Perraud<br \/>39000 Lons-le-Saunier<br \/>06 42 37 81 45<br \/>bonjour@auguste-leopold.fr<br \/><a href=\"https:\/\/auguste-leopold.fr\">auguste-leopold.fr<\/a><\/p><h2>Hosting<\/h2><p>OVH<br \/>SAS enregistr\u00e9e aupr\u00e8s du RCS de Roubaix sous le num\u00e9ro 424 761 419<br \/>Capital social : 10 059 500 \u20ac<br \/>TVA intracommunautaire : FR22424761419<\/p><h2>Home page illustrations<\/h2><p>\u00a9Philippe Baudelocque\u00a0<\/p>\t\t\t\t\t\t\t\t<\/div>\n\t\t\t\t<\/div>\n\t\t\t\t\t<\/div>\n\t\t\t\t<\/div>\n\t\t\t\t<\/div>","protected":false},"excerpt":{"rendered":"<p>Mentions L\u00e9gales Propri\u00e9taire du site S.A.S. MAROTTE PASCALRCS Lons-le-Saunier 381 526 888250, rue du savagnin39230 PassenansT\u00e9l. +33 (0)3 84 85 22 10Fax +33 (0)3 84 44 66 64Responsable de publication : Damien Marotte Conception et D\u00e9veloppement Auguste &amp; L\u00e9opold8 place Perraud39000 Lons-le-Saunier06 42 37 81 45bonjour@auguste-leopold.frauguste-leopold.fr H\u00e9bergement OVHSAS enregistr\u00e9e aupr\u00e8s du RCS de Roubaix sous [&hellip;]<\/p>","protected":false},"author":1,"featured_media":0,"parent":0,"menu_order":0,"comment_status":"closed","ping_status":"closed","template":"elementor_header_footer","meta":{"_acf_changed":false,"footnotes":""},"class_list":["post-470","page","type-page","status-publish","hentry"],"acf":[],"yoast_head":"<!-- This site is optimized with the Yoast SEO plugin v26.9 - https:\/\/yoast.com\/product\/yoast-seo-wordpress\/ -->\n<title>Mentions L\u00e9gales | Marotte<\/title>\n<meta name=\"robots\" content=\"index, follow, max-snippet:-1, max-image-preview:large, max-video-preview:-1\" \/>\n<link rel=\"canonical\" href=\"https:\/\/marotte.com\/en\/legal-information\/\" \/>\n<meta property=\"og:locale\" content=\"en_GB\" \/>\n<meta property=\"og:type\" content=\"article\" \/>\n<meta property=\"og:title\" content=\"Mentions L\u00e9gales | Marotte\" \/>\n<meta property=\"og:description\" content=\"Mentions L\u00e9gales Propri\u00e9taire du site S.A.S. MAROTTE PASCALRCS Lons-le-Saunier 381 526 888250, rue du savagnin39230 PassenansT\u00e9l. +33 (0)3 84 85 22 10Fax +33 (0)3 84 44 66 64Responsable de publication : Damien Marotte Conception et D\u00e9veloppement Auguste &amp; L\u00e9opold8 place Perraud39000 Lons-le-Saunier06 42 37 81 45bonjour@auguste-leopold.frauguste-leopold.fr H\u00e9bergement OVHSAS enregistr\u00e9e aupr\u00e8s du RCS de Roubaix sous [&hellip;]\" \/>\n<meta property=\"og:url\" content=\"https:\/\/marotte.com\/en\/legal-information\/\" \/>\n<meta property=\"og:site_name\" content=\"Marotte\" \/>\n<meta property=\"article:publisher\" content=\"https:\/\/www.facebook.com\/coffretsmarotte\/\" \/>\n<meta property=\"article:modified_time\" content=\"2024-12-03T07:12:54+00:00\" \/>\n<meta property=\"og:image\" content=\"https:\/\/marotte.com\/wp-content\/uploads\/2024\/11\/realisation-sur-mesure-bois-marotte.jpg\" \/>\n\t<meta property=\"og:image:width\" content=\"2000\" \/>\n\t<meta property=\"og:image:height\" content=\"1192\" \/>\n\t<meta property=\"og:image:type\" content=\"image\/jpeg\" \/>\n<meta name=\"twitter:card\" content=\"summary_large_image\" \/>\n<meta name=\"twitter:label1\" content=\"Estimated reading time\" \/>\n\t<meta name=\"twitter:data1\" content=\"1 minute\" \/>\n<script type=\"application\/ld+json\" class=\"yoast-schema-graph\">{\"@context\":\"https:\/\/schema.org\",\"@graph\":[{\"@type\":\"WebPage\",\"@id\":\"https:\/\/marotte.com\/mentions-legales\/\",\"url\":\"https:\/\/marotte.com\/mentions-legales\/\",\"name\":\"Mentions L\u00e9gales | Marotte\",\"isPartOf\":{\"@id\":\"https:\/\/marotte.com\/#website\"},\"datePublished\":\"2024-08-07T14:36:40+00:00\",\"dateModified\":\"2024-12-03T07:12:54+00:00\",\"breadcrumb\":{\"@id\":\"https:\/\/marotte.com\/mentions-legales\/#breadcrumb\"},\"inLanguage\":\"en-GB\",\"potentialAction\":[{\"@type\":\"ReadAction\",\"target\":[\"https:\/\/marotte.com\/mentions-legales\/\"]}]},{\"@type\":\"BreadcrumbList\",\"@id\":\"https:\/\/marotte.com\/mentions-legales\/#breadcrumb\",\"itemListElement\":[{\"@type\":\"ListItem\",\"position\":1,\"name\":\"Accueil\",\"item\":\"https:\/\/marotte.com\/\"},{\"@type\":\"ListItem\",\"position\":2,\"name\":\"Mentions L\u00e9gales\"}]},{\"@type\":\"WebSite\",\"@id\":\"https:\/\/marotte.com\/#website\",\"url\":\"https:\/\/marotte.com\/\",\"name\":\"Marotte\",\"description\":\"Le travail du bois\",\"publisher\":{\"@id\":\"https:\/\/marotte.com\/#organization\"},\"potentialAction\":[{\"@type\":\"SearchAction\",\"target\":{\"@type\":\"EntryPoint\",\"urlTemplate\":\"https:\/\/marotte.com\/?s={search_term_string}\"},\"query-input\":{\"@type\":\"PropertyValueSpecification\",\"valueRequired\":true,\"valueName\":\"search_term_string\"}}],\"inLanguage\":\"en-GB\"},{\"@type\":\"Organization\",\"@id\":\"https:\/\/marotte.com\/#organization\",\"name\":\"Marotte\",\"url\":\"https:\/\/marotte.com\/\",\"logo\":{\"@type\":\"ImageObject\",\"inLanguage\":\"en-GB\",\"@id\":\"https:\/\/marotte.com\/#\/schema\/logo\/image\/\",\"url\":\"https:\/\/marotte.com\/wp-content\/uploads\/2024\/07\/marotte.png\",\"contentUrl\":\"https:\/\/marotte.com\/wp-content\/uploads\/2024\/07\/marotte.png\",\"width\":257,\"height\":100,\"caption\":\"Marotte\"},\"image\":{\"@id\":\"https:\/\/marotte.com\/#\/schema\/logo\/image\/\"},\"sameAs\":[\"https:\/\/www.facebook.com\/coffretsmarotte\/\",\"https:\/\/www.linkedin.com\/company\/marotte-pascal\/\"]}]}<\/script>\n<!-- \/ Yoast SEO plugin. -->","yoast_head_json":{"title":"Legal Notice | Marotte","robots":{"index":"index","follow":"follow","max-snippet":"max-snippet:-1","max-image-preview":"max-image-preview:large","max-video-preview":"max-video-preview:-1"},"canonical":"https:\/\/marotte.com\/en\/legal-information\/","og_locale":"en_GB","og_type":"article","og_title":"Mentions L\u00e9gales | Marotte","og_description":"Mentions L\u00e9gales Propri\u00e9taire du site S.A.S. MAROTTE PASCALRCS Lons-le-Saunier 381 526 888250, rue du savagnin39230 PassenansT\u00e9l. +33 (0)3 84 85 22 10Fax +33 (0)3 84 44 66 64Responsable de publication : Damien Marotte Conception et D\u00e9veloppement Auguste &amp; L\u00e9opold8 place Perraud39000 Lons-le-Saunier06 42 37 81 45bonjour@auguste-leopold.frauguste-leopold.fr H\u00e9bergement OVHSAS enregistr\u00e9e aupr\u00e8s du RCS de Roubaix sous [&hellip;]","og_url":"https:\/\/marotte.com\/en\/legal-information\/","og_site_name":"Marotte","article_publisher":"https:\/\/www.facebook.com\/coffretsmarotte\/","article_modified_time":"2024-12-03T07:12:54+00:00","og_image":[{"width":2000,"height":1192,"url":"https:\/\/marotte.com\/wp-content\/uploads\/2024\/11\/realisation-sur-mesure-bois-marotte.jpg","type":"image\/jpeg"}],"twitter_card":"summary_large_image","twitter_misc":{"Estimated reading time":"1 minute"},"schema":{"@context":"https:\/\/schema.org","@graph":[{"@type":"WebPage","@id":"https:\/\/marotte.com\/mentions-legales\/","url":"https:\/\/marotte.com\/mentions-legales\/","name":"Legal Notice | Marotte","isPartOf":{"@id":"https:\/\/marotte.com\/#website"},"datePublished":"2024-08-07T14:36:40+00:00","dateModified":"2024-12-03T07:12:54+00:00","breadcrumb":{"@id":"https:\/\/marotte.com\/mentions-legales\/#breadcrumb"},"inLanguage":"en-GB","potentialAction":[{"@type":"ReadAction","target":["https:\/\/marotte.com\/mentions-legales\/"]}]},{"@type":"BreadcrumbList","@id":"https:\/\/marotte.com\/mentions-legales\/#breadcrumb","itemListElement":[{"@type":"ListItem","position":1,"name":"Accueil","item":"https:\/\/marotte.com\/"},{"@type":"ListItem","position":2,"name":"Mentions L\u00e9gales"}]},{"@type":"WebSite","@id":"https:\/\/marotte.com\/#website","url":"https:\/\/marotte.com\/","name":"Marotte","description":"Bespoke woodworking","publisher":{"@id":"https:\/\/marotte.com\/#organization"},"potentialAction":[{"@type":"SearchAction","target":{"@type":"EntryPoint","urlTemplate":"https:\/\/marotte.com\/?s={search_term_string}"},"query-input":{"@type":"PropertyValueSpecification","valueRequired":true,"valueName":"search_term_string"}}],"inLanguage":"en-GB"},{"@type":"Organization","@id":"https:\/\/marotte.com\/#organization","name":"Marotte","url":"https:\/\/marotte.com\/","logo":{"@type":"ImageObject","inLanguage":"en-GB","@id":"https:\/\/marotte.com\/#\/schema\/logo\/image\/","url":"https:\/\/marotte.com\/wp-content\/uploads\/2024\/07\/marotte.png","contentUrl":"https:\/\/marotte.com\/wp-content\/uploads\/2024\/07\/marotte.png","width":257,"height":100,"caption":"Marotte"},"image":{"@id":"https:\/\/marotte.com\/#\/schema\/logo\/image\/"},"sameAs":["https:\/\/www.facebook.com\/coffretsmarotte\/","https:\/\/www.linkedin.com\/company\/marotte-pascal\/"]}]}},"_links":{"self":[{"href":"https:\/\/marotte.com\/en\/wp-json\/wp\/v2\/pages\/470","targetHints":{"allow":["GET"]}}],"collection":[{"href":"https:\/\/marotte.com\/en\/wp-json\/wp\/v2\/pages"}],"about":[{"href":"https:\/\/marotte.com\/en\/wp-json\/wp\/v2\/types\/page"}],"author":[{"embeddable":true,"href":"https:\/\/marotte.com\/en\/wp-json\/wp\/v2\/users\/1"}],"replies":[{"embeddable":true,"href":"https:\/\/marotte.com\/en\/wp-json\/wp\/v2\/comments?post=470"}],"version-history":[{"count":0,"href":"https:\/\/marotte.com\/en\/wp-json\/wp\/v2\/pages\/470\/revisions"}],"wp:attachment":[{"href":"https:\/\/marotte.com\/en\/wp-json\/wp\/v2\/media?parent=470"}],"curies":[{"name":"wp","href":"https:\/\/api.w.org\/{rel}","templated":true}]}}