{"id":898,"date":"2024-10-16T14:28:42","date_gmt":"2024-10-16T14:28:42","guid":{"rendered":"https:\/\/marotte.com\/?page_id=898"},"modified":"2025-03-24T15:04:04","modified_gmt":"2025-03-24T14:04:04","slug":"financing","status":"publish","type":"page","link":"https:\/\/marotte.com\/en\/financing\/","title":{"rendered":"Financing"},"content":{"rendered":"<div data-elementor-type=\"wp-page\" data-elementor-id=\"898\" class=\"elementor elementor-898\" data-elementor-post-type=\"page\">\n\t\t\t\t<div class=\"elementor-element elementor-element-2a904072 e-flex e-con-boxed e-con e-parent\" data-id=\"2a904072\" data-element_type=\"container\" data-e-type=\"container\">\n\t\t\t\t\t<div class=\"e-con-inner\">\n\t\t\t\t<div class=\"elementor-element elementor-element-6e02b562 elementor-widget elementor-widget-heading\" data-id=\"6e02b562\" data-element_type=\"widget\" data-e-type=\"widget\" data-widget_type=\"heading.default\">\n\t\t\t\t<div class=\"elementor-widget-container\">\n\t\t\t\t\t<h1 class=\"elementor-heading-title elementor-size-default\">Financing<\/h1>\t\t\t\t<\/div>\n\t\t\t\t<\/div>\n\t\t\t\t<div class=\"elementor-element elementor-element-39987583 elementor-widget__width-initial elementor-widget elementor-widget-text-editor\" data-id=\"39987583\" data-element_type=\"widget\" data-e-type=\"widget\" data-widget_type=\"text-editor.default\">\n\t\t\t\t<div class=\"elementor-widget-container\">\n\t\t\t\t\t\t\t\t\t<p>&#8230;<\/p>\t\t\t\t\t\t\t\t<\/div>\n\t\t\t\t<\/div>\n\t\t\t\t\t<\/div>\n\t\t\t\t<\/div>\n\t\t<div class=\"elementor-element elementor-element-1a72429 e-flex e-con-boxed e-con e-parent\" data-id=\"1a72429\" data-element_type=\"container\" data-e-type=\"container\">\n\t\t\t\t\t<div class=\"e-con-inner\">\n\t\t<div class=\"elementor-element elementor-element-2eb5333a e-con-full e-flex e-con e-child\" data-id=\"2eb5333a\" data-element_type=\"container\" data-e-type=\"container\">\n\t\t\t\t<div class=\"elementor-element elementor-element-12ce6e0 elementor-widget elementor-widget-image\" data-id=\"12ce6e0\" data-element_type=\"widget\" data-e-type=\"widget\" data-widget_type=\"image.default\">\n\t\t\t\t<div class=\"elementor-widget-container\">\n\t\t\t\t\t\t\t\t\t\t\t\t\t\t\t<img decoding=\"async\" width=\"1000\" height=\"668\" src=\"https:\/\/marotte.com\/wp-content\/uploads\/2024\/08\/certifications-pefc-gardien-equilibre-forestier.jpg\" class=\"attachment-full size-full wp-image-284\" alt=\"Certifications PEFC\" srcset=\"https:\/\/marotte.com\/wp-content\/uploads\/2024\/08\/certifications-pefc-gardien-equilibre-forestier.jpg 1000w, https:\/\/marotte.com\/wp-content\/uploads\/2024\/08\/certifications-pefc-gardien-equilibre-forestier-300x200.jpg 300w, https:\/\/marotte.com\/wp-content\/uploads\/2024\/08\/certifications-pefc-gardien-equilibre-forestier-768x513.jpg 768w\" sizes=\"(max-width: 1000px) 100vw, 1000px\" \/>\t\t\t\t\t\t\t\t\t\t\t\t\t\t\t<\/div>\n\t\t\t\t<\/div>\n\t\t\t\t<\/div>\n\t\t<div class=\"elementor-element elementor-element-59f5a0bf e-con-full e-flex e-con e-child\" data-id=\"59f5a0bf\" data-element_type=\"container\" data-e-type=\"container\">\n\t\t<div class=\"elementor-element elementor-element-f059c77 e-con-full e-flex e-con e-child\" data-id=\"f059c77\" data-element_type=\"container\" data-e-type=\"container\">\n\t\t<div class=\"elementor-element elementor-element-b712406 e-con-full e-flex e-con e-child\" data-id=\"b712406\" data-element_type=\"container\" data-e-type=\"container\">\n\t\t\t\t<div class=\"elementor-element elementor-element-723c8a9 elementor-widget elementor-widget-image\" data-id=\"723c8a9\" data-element_type=\"widget\" data-e-type=\"widget\" data-widget_type=\"image.default\">\n\t\t\t\t<div class=\"elementor-widget-container\">\n\t\t\t\t\t\t\t\t\t\t\t\t\t\t\t<img decoding=\"async\" width=\"400\" height=\"86\" src=\"https:\/\/marotte.com\/wp-content\/uploads\/2025\/03\/Region-BFC-Europe-bloc-marque-2021-V1-RVB.jpg\" class=\"attachment-medium_large size-medium_large wp-image-1893\" alt=\"\" srcset=\"https:\/\/marotte.com\/wp-content\/uploads\/2025\/03\/Region-BFC-Europe-bloc-marque-2021-V1-RVB.jpg 400w, https:\/\/marotte.com\/wp-content\/uploads\/2025\/03\/Region-BFC-Europe-bloc-marque-2021-V1-RVB-300x65.jpg 300w, https:\/\/marotte.com\/wp-content\/uploads\/2025\/03\/Region-BFC-Europe-bloc-marque-2021-V1-RVB-18x4.jpg 18w\" sizes=\"(max-width: 400px) 100vw, 400px\" \/>\t\t\t\t\t\t\t\t\t\t\t\t\t\t\t<\/div>\n\t\t\t\t<\/div>\n\t\t\t\t<\/div>\n\t\t<div class=\"elementor-element elementor-element-ea443ff e-con-full e-flex e-con e-child\" data-id=\"ea443ff\" data-element_type=\"container\" data-e-type=\"container\">\n\t\t\t\t<div class=\"elementor-element elementor-element-8ed290b elementor-widget elementor-widget-heading\" data-id=\"8ed290b\" data-element_type=\"widget\" data-e-type=\"widget\" data-widget_type=\"heading.default\">\n\t\t\t\t<div class=\"elementor-widget-container\">\n\t\t\t\t\t<h2 class=\"elementor-heading-title elementor-size-default\">Feder<\/h2>\t\t\t\t<\/div>\n\t\t\t\t<\/div>\n\t\t\t\t<\/div>\n\t\t\t\t<\/div>\n\t\t\t\t<div class=\"elementor-element elementor-element-c9ed8b8 elementor-widget elementor-widget-heading\" data-id=\"c9ed8b8\" data-element_type=\"widget\" data-e-type=\"widget\" data-widget_type=\"heading.default\">\n\t\t\t\t<div class=\"elementor-widget-container\">\n\t\t\t\t\t<div class=\"elementor-heading-title elementor-size-default\">Europe is committed to Bourgogne-Franche-Comt\u00e9...<\/div>\t\t\t\t<\/div>\n\t\t\t\t<\/div>\n\t\t\t\t<div class=\"elementor-element elementor-element-4c6564c5 elementor-widget elementor-widget-text-editor\" data-id=\"4c6564c5\" data-element_type=\"widget\" data-e-type=\"widget\" data-widget_type=\"text-editor.default\">\n\t\t\t\t<div class=\"elementor-widget-container\">\n\t\t\t\t\t\t\t\t\t<p>Our 2 investment projects \u2018Marotte 2017\u2019 and \u2018Marotte 2017 PHASE 2\u2019 have been co-financed by the European Union for the purchase of new innovative equipment, enabling:<\/p><ul><li>Improve our employees' working conditions by reducing the effort required for certain tasks,<\/li><li>Increase our development in new markets,<\/li><li>Respond to customer demand to relocate some production to France,<\/li><li>Maintain our technological lead,<\/li><li>Create and maintain jobs in our region.<\/li><\/ul>\t\t\t\t\t\t\t\t<\/div>\n\t\t\t\t<\/div>\n\t\t\t\t<\/div>\n\t\t\t\t\t<\/div>\n\t\t\t\t<\/div>\n\t\t<div class=\"elementor-element elementor-element-040d39d e-flex e-con-boxed e-con e-parent\" data-id=\"040d39d\" data-element_type=\"container\" data-e-type=\"container\">\n\t\t\t\t\t<div class=\"e-con-inner\">\n\t\t<div class=\"elementor-element elementor-element-abe973a e-con-full e-flex e-con e-child\" data-id=\"abe973a\" data-element_type=\"container\" data-e-type=\"container\">\n\t\t<div class=\"elementor-element elementor-element-6aba144 e-con-full e-flex e-con e-child\" data-id=\"6aba144\" data-element_type=\"container\" data-e-type=\"container\">\n\t\t<div class=\"elementor-element elementor-element-45203f0 e-con-full e-flex e-con e-child\" data-id=\"45203f0\" data-element_type=\"container\" data-e-type=\"container\">\n\t\t\t\t<div class=\"elementor-element elementor-element-18e54a6 elementor-widget elementor-widget-image\" data-id=\"18e54a6\" data-element_type=\"widget\" data-e-type=\"widget\" data-widget_type=\"image.default\">\n\t\t\t\t<div class=\"elementor-widget-container\">\n\t\t\t\t\t\t\t\t\t\t\t\t\t\t\t<img decoding=\"async\" width=\"768\" height=\"432\" src=\"https:\/\/marotte.com\/wp-content\/uploads\/2024\/10\/bpi-france-768x432.jpg\" class=\"attachment-medium_large size-medium_large wp-image-904\" alt=\"BPI France\" srcset=\"\" sizes=\"(max-width: 768px) 100vw, 768px\" data-srcset=\"\" \/>\t\t\t\t\t\t\t\t\t\t\t\t\t\t\t<\/div>\n\t\t\t\t<\/div>\n\t\t\t\t<\/div>\n\t\t<div class=\"elementor-element elementor-element-38ff5cc e-con-full e-flex e-con e-child\" data-id=\"38ff5cc\" data-element_type=\"container\" data-e-type=\"container\">\n\t\t\t\t<div class=\"elementor-element elementor-element-9177356 elementor-widget elementor-widget-heading\" data-id=\"9177356\" data-element_type=\"widget\" data-e-type=\"widget\" data-widget_type=\"heading.default\">\n\t\t\t\t<div class=\"elementor-widget-container\">\n\t\t\t\t\t<h2 class=\"elementor-heading-title elementor-size-default\">BPI France<\/h2>\t\t\t\t<\/div>\n\t\t\t\t<\/div>\n\t\t\t\t<\/div>\n\t\t\t\t<\/div>\n\t\t\t\t<div class=\"elementor-element elementor-element-f31af02 elementor-widget elementor-widget-heading\" data-id=\"f31af02\" data-element_type=\"widget\" data-e-type=\"widget\" data-widget_type=\"heading.default\">\n\t\t\t\t<div class=\"elementor-widget-container\">\n\t\t\t\t\t<div class=\"elementor-heading-title elementor-size-default\">At every stage of our development, we have received financial support from BPI FRANCE.<\/div>\t\t\t\t<\/div>\n\t\t\t\t<\/div>\n\t\t\t\t<div class=\"elementor-element elementor-element-00b93d5 elementor-widget elementor-widget-text-editor\" data-id=\"00b93d5\" data-element_type=\"widget\" data-e-type=\"widget\" data-widget_type=\"text-editor.default\">\n\t\t\t\t<div class=\"elementor-widget-container\">\n\t\t\t\t\t\t\t\t\t<p>As part of our drive to reduce our environmental footprint, we have benefited from the support of Bpifrance, which helped us carry out an Eco-Flux diagnostic. This audit analysed and optimised the company's incoming and outgoing flows (raw materials, energy, water, waste, etc.). It confirmed the company's high level of control, and suggestions and areas for improvement were put forward.<\/p><p>Having grown rapidly in recent years, we also turned to Bpifrance to help us sharpen our development strategy by joining the \u2018Growth Accelerator\u2019 programme, optimising our internal organisation and adapting our processes to achieve ever-greater efficiency while maintaining a very high level of standards and quality.<\/p>\t\t\t\t\t\t\t\t<\/div>\n\t\t\t\t<\/div>\n\t\t\t\t<\/div>\n\t\t<div class=\"elementor-element elementor-element-98ec22e e-con-full e-flex e-con e-child\" data-id=\"98ec22e\" data-element_type=\"container\" data-e-type=\"container\">\n\t\t\t\t<div class=\"elementor-element elementor-element-e0d5aef elementor-widget elementor-widget-image\" data-id=\"e0d5aef\" data-element_type=\"widget\" data-e-type=\"widget\" data-widget_type=\"image.default\">\n\t\t\t\t<div class=\"elementor-widget-container\">\n\t\t\t\t\t\t\t\t\t\t\t\t\t\t\t<img decoding=\"async\" width=\"1000\" height=\"667\" src=\"https:\/\/marotte.com\/wp-content\/uploads\/2024\/10\/bpi-france-marotte.jpg\" class=\"attachment-full size-full wp-image-1171\" alt=\"BPI France Marotte\" srcset=\"https:\/\/marotte.com\/wp-content\/uploads\/2024\/10\/bpi-france-marotte.jpg 1000w, https:\/\/marotte.com\/wp-content\/uploads\/2024\/10\/bpi-france-marotte-300x200.jpg 300w, https:\/\/marotte.com\/wp-content\/uploads\/2024\/10\/bpi-france-marotte-768x512.jpg 768w\" sizes=\"(max-width: 1000px) 100vw, 1000px\" \/>\t\t\t\t\t\t\t\t\t\t\t\t\t\t\t<\/div>\n\t\t\t\t<\/div>\n\t\t\t\t<\/div>\n\t\t\t\t\t<\/div>\n\t\t\t\t<\/div>\n\t\t<div class=\"elementor-element elementor-element-3c99bcb e-flex e-con-boxed e-con e-parent\" data-id=\"3c99bcb\" data-element_type=\"container\" data-e-type=\"container\">\n\t\t\t\t\t<div class=\"e-con-inner\">\n\t\t\t\t<div class=\"elementor-element elementor-element-55cd357 elementor-widget elementor-widget-image\" data-id=\"55cd357\" data-element_type=\"widget\" data-e-type=\"widget\" data-widget_type=\"image.default\">\n\t\t\t\t<div class=\"elementor-widget-container\">\n\t\t\t\t\t\t\t\t\t\t\t\t\t\t\t<img decoding=\"async\" width=\"1920\" height=\"812\" src=\"https:\/\/marotte.com\/wp-content\/uploads\/2024\/08\/caisse-en-bois-naturel-sobre-ecologique-marotte.jpg\" class=\"attachment-full size-full wp-image-371\" alt=\"Natural &amp; Minimalist Wooden Cases\" srcset=\"https:\/\/marotte.com\/wp-content\/uploads\/2024\/08\/caisse-en-bois-naturel-sobre-ecologique-marotte.jpg 1920w, https:\/\/marotte.com\/wp-content\/uploads\/2024\/08\/caisse-en-bois-naturel-sobre-ecologique-marotte-300x127.jpg 300w, https:\/\/marotte.com\/wp-content\/uploads\/2024\/08\/caisse-en-bois-naturel-sobre-ecologique-marotte-1024x433.jpg 1024w, https:\/\/marotte.com\/wp-content\/uploads\/2024\/08\/caisse-en-bois-naturel-sobre-ecologique-marotte-768x325.jpg 768w, https:\/\/marotte.com\/wp-content\/uploads\/2024\/08\/caisse-en-bois-naturel-sobre-ecologique-marotte-1536x650.jpg 1536w\" sizes=\"(max-width: 1920px) 100vw, 1920px\" \/>\t\t\t\t\t\t\t\t\t\t\t\t\t\t\t<\/div>\n\t\t\t\t<\/div>\n\t\t\t\t<div class=\"elementor-element elementor-element-79b8443 elementor-widget elementor-widget-template\" data-id=\"79b8443\" data-element_type=\"widget\" data-e-type=\"widget\" data-widget_type=\"template.default\">\n\t\t\t\t<div class=\"elementor-widget-container\">\n\t\t\t\t\t\t\t<div class=\"elementor-template\">\n\t\t\t\t\t<div data-elementor-type=\"container\" data-elementor-id=\"353\" class=\"elementor elementor-353\" data-elementor-post-type=\"elementor_library\">\n\t\t\t\t<div class=\"elementor-element elementor-element-4138d601 e-flex e-con-boxed e-con e-parent\" data-id=\"4138d601\" data-element_type=\"container\" data-e-type=\"container\">\n\t\t\t\t\t<div class=\"e-con-inner\">\n\t\t\t\t<div class=\"elementor-element elementor-element-6a8689f0 elementor-widget__width-initial elementor-widget elementor-widget-heading\" data-id=\"6a8689f0\" data-element_type=\"widget\" data-e-type=\"widget\" data-widget_type=\"heading.default\">\n\t\t\t\t<div class=\"elementor-widget-container\">\n\t\t\t\t\t<div class=\"elementor-heading-title elementor-size-default\">Let's work together!<\/div>\t\t\t\t<\/div>\n\t\t\t\t<\/div>\n\t\t\t\t<div class=\"elementor-element elementor-element-502ed5c elementor-widget elementor-widget-text-editor\" data-id=\"502ed5c\" data-element_type=\"widget\" data-e-type=\"widget\" data-widget_type=\"text-editor.default\">\n\t\t\t\t<div class=\"elementor-widget-container\">\n\t\t\t\t\t\t\t\t\t<p>Our teams are ready to work with you to bring to life bespoke products that will exceed your expectations. Together, we can shape the future of your brand with elegance and precision.<br>We look forward to contributing to your success.<\/p>\t\t\t\t\t\t\t\t<\/div>\n\t\t\t\t<\/div>\n\t\t\t\t<div class=\"elementor-element elementor-element-fa0d73d elementor-tablet-align-center elementor-widget-mobile__width-inherit elementor-align-center elementor-invisible elementor-widget elementor-widget-button\" data-id=\"fa0d73d\" data-element_type=\"widget\" data-e-type=\"widget\" data-settings=\"{&quot;_animation&quot;:&quot;fadeInDown&quot;}\" data-widget_type=\"button.default\">\n\t\t\t\t<div class=\"elementor-widget-container\">\n\t\t\t\t\t\t\t\t\t<div class=\"elementor-button-wrapper\">\n\t\t\t\t\t<a class=\"elementor-button elementor-button-link elementor-size-md\" href=\"https:\/\/marotte.com\/en\/contact\/\">\n\t\t\t\t\t\t<span class=\"elementor-button-content-wrapper\">\n\t\t\t\t\t\t\t\t\t<span class=\"elementor-button-text\">Contact<\/span>\n\t\t\t\t\t<\/span>\n\t\t\t\t\t<\/a>\n\t\t\t\t<\/div>\n\t\t\t\t\t\t\t\t<\/div>\n\t\t\t\t<\/div>\n\t\t\t\t\t<\/div>\n\t\t\t\t<\/div>\n\t\t\t\t<\/div>\n\t\t\t\t<\/div>\n\t\t\t\t\t\t<\/div>\n\t\t\t\t<\/div>\n\t\t\t\t\t<\/div>\n\t\t\t\t<\/div>\n\t\t\t\t<\/div>","protected":false},"excerpt":{"rendered":"<p>Financements &#8230; Feder L\u2019Europe s\u2019engage en Bourgogne-Franche-Comt\u00e9\u2026 Nos 2 projets d\u2019investissements \u00ab Marotte 2017 \u00bb et \u00ab Marotte 2017 PHASE 2 \u00bb ont \u00e9t\u00e9 cofinanc\u00e9s par l\u2019Union europ\u00e9enne pour l\u2019achat de nouveaux \u00e9quipements innovants permettant ainsi : D\u2019am\u00e9liorer les conditions de travail de nos salari\u00e9s en r\u00e9duisant le seuil de p\u00e9nibilit\u00e9 de certaines t\u00e2ches, D\u2019accroitre [&hellip;]<\/p>","protected":false},"author":1,"featured_media":0,"parent":0,"menu_order":0,"comment_status":"closed","ping_status":"closed","template":"elementor_header_footer","meta":{"_acf_changed":false,"footnotes":""},"class_list":["post-898","page","type-page","status-publish","hentry"],"acf":[],"yoast_head":"<!-- This site is optimized with the Yoast SEO plugin v26.9 - https:\/\/yoast.com\/product\/yoast-seo-wordpress\/ -->\n<title>Investissements Innovants | Marotte<\/title>\n<meta name=\"robots\" content=\"index, follow, max-snippet:-1, max-image-preview:large, max-video-preview:-1\" \/>\n<link rel=\"canonical\" href=\"https:\/\/marotte.com\/en\/financing\/\" \/>\n<meta property=\"og:locale\" content=\"en_GB\" \/>\n<meta property=\"og:type\" content=\"article\" \/>\n<meta property=\"og:title\" content=\"Investissements Innovants | Marotte\" \/>\n<meta property=\"og:description\" content=\"Financements &#8230; Feder L\u2019Europe s\u2019engage en Bourgogne-Franche-Comt\u00e9\u2026 Nos 2 projets d\u2019investissements \u00ab Marotte 2017 \u00bb et \u00ab Marotte 2017 PHASE 2 \u00bb ont \u00e9t\u00e9 cofinanc\u00e9s par l\u2019Union europ\u00e9enne pour l\u2019achat de nouveaux \u00e9quipements innovants permettant ainsi : D\u2019am\u00e9liorer les conditions de travail de nos salari\u00e9s en r\u00e9duisant le seuil de p\u00e9nibilit\u00e9 de certaines t\u00e2ches, D\u2019accroitre [&hellip;]\" \/>\n<meta property=\"og:url\" content=\"https:\/\/marotte.com\/en\/financing\/\" \/>\n<meta property=\"og:site_name\" content=\"Marotte\" \/>\n<meta property=\"article:publisher\" content=\"https:\/\/www.facebook.com\/coffretsmarotte\/\" \/>\n<meta property=\"article:modified_time\" content=\"2025-03-24T14:04:04+00:00\" \/>\n<meta property=\"og:image\" content=\"https:\/\/marotte.com\/wp-content\/uploads\/2024\/08\/certifications-pefc-gardien-equilibre-forestier.jpg\" \/>\n\t<meta property=\"og:image:width\" content=\"1000\" \/>\n\t<meta property=\"og:image:height\" content=\"668\" \/>\n\t<meta property=\"og:image:type\" content=\"image\/jpeg\" \/>\n<meta name=\"twitter:card\" content=\"summary_large_image\" \/>\n<meta name=\"twitter:label1\" content=\"Estimated reading time\" \/>\n\t<meta name=\"twitter:data1\" content=\"3 minutes\" \/>\n<script type=\"application\/ld+json\" class=\"yoast-schema-graph\">{\"@context\":\"https:\/\/schema.org\",\"@graph\":[{\"@type\":\"WebPage\",\"@id\":\"https:\/\/marotte.com\/financements\/\",\"url\":\"https:\/\/marotte.com\/financements\/\",\"name\":\"Investissements Innovants | Marotte\",\"isPartOf\":{\"@id\":\"https:\/\/marotte.com\/#website\"},\"primaryImageOfPage\":{\"@id\":\"https:\/\/marotte.com\/financements\/#primaryimage\"},\"image\":{\"@id\":\"https:\/\/marotte.com\/financements\/#primaryimage\"},\"thumbnailUrl\":\"https:\/\/marotte.com\/wp-content\/uploads\/2024\/08\/certifications-pefc-gardien-equilibre-forestier.jpg\",\"datePublished\":\"2024-10-16T14:28:42+00:00\",\"dateModified\":\"2025-03-24T14:04:04+00:00\",\"breadcrumb\":{\"@id\":\"https:\/\/marotte.com\/financements\/#breadcrumb\"},\"inLanguage\":\"en-GB\",\"potentialAction\":[{\"@type\":\"ReadAction\",\"target\":[\"https:\/\/marotte.com\/financements\/\"]}]},{\"@type\":\"ImageObject\",\"inLanguage\":\"en-GB\",\"@id\":\"https:\/\/marotte.com\/financements\/#primaryimage\",\"url\":\"https:\/\/marotte.com\/wp-content\/uploads\/2024\/08\/certifications-pefc-gardien-equilibre-forestier.jpg\",\"contentUrl\":\"https:\/\/marotte.com\/wp-content\/uploads\/2024\/08\/certifications-pefc-gardien-equilibre-forestier.jpg\"},{\"@type\":\"BreadcrumbList\",\"@id\":\"https:\/\/marotte.com\/financements\/#breadcrumb\",\"itemListElement\":[{\"@type\":\"ListItem\",\"position\":1,\"name\":\"Accueil\",\"item\":\"https:\/\/marotte.com\/\"},{\"@type\":\"ListItem\",\"position\":2,\"name\":\"Financements\"}]},{\"@type\":\"WebSite\",\"@id\":\"https:\/\/marotte.com\/#website\",\"url\":\"https:\/\/marotte.com\/\",\"name\":\"Marotte\",\"description\":\"Le travail du bois\",\"publisher\":{\"@id\":\"https:\/\/marotte.com\/#organization\"},\"potentialAction\":[{\"@type\":\"SearchAction\",\"target\":{\"@type\":\"EntryPoint\",\"urlTemplate\":\"https:\/\/marotte.com\/?s={search_term_string}\"},\"query-input\":{\"@type\":\"PropertyValueSpecification\",\"valueRequired\":true,\"valueName\":\"search_term_string\"}}],\"inLanguage\":\"en-GB\"},{\"@type\":\"Organization\",\"@id\":\"https:\/\/marotte.com\/#organization\",\"name\":\"Marotte\",\"url\":\"https:\/\/marotte.com\/\",\"logo\":{\"@type\":\"ImageObject\",\"inLanguage\":\"en-GB\",\"@id\":\"https:\/\/marotte.com\/#\/schema\/logo\/image\/\",\"url\":\"https:\/\/marotte.com\/wp-content\/uploads\/2024\/07\/marotte.png\",\"contentUrl\":\"https:\/\/marotte.com\/wp-content\/uploads\/2024\/07\/marotte.png\",\"width\":257,\"height\":100,\"caption\":\"Marotte\"},\"image\":{\"@id\":\"https:\/\/marotte.com\/#\/schema\/logo\/image\/\"},\"sameAs\":[\"https:\/\/www.facebook.com\/coffretsmarotte\/\",\"https:\/\/www.linkedin.com\/company\/marotte-pascal\/\"]}]}<\/script>\n<!-- \/ Yoast SEO plugin. -->","yoast_head_json":{"title":"Financing | Marotte","robots":{"index":"index","follow":"follow","max-snippet":"max-snippet:-1","max-image-preview":"max-image-preview:large","max-video-preview":"max-video-preview:-1"},"canonical":"https:\/\/marotte.com\/en\/financing\/","og_locale":"en_GB","og_type":"article","og_title":"Investissements Innovants | Marotte","og_description":"Financements &#8230; Feder L\u2019Europe s\u2019engage en Bourgogne-Franche-Comt\u00e9\u2026 Nos 2 projets d\u2019investissements \u00ab Marotte 2017 \u00bb et \u00ab Marotte 2017 PHASE 2 \u00bb ont \u00e9t\u00e9 cofinanc\u00e9s par l\u2019Union europ\u00e9enne pour l\u2019achat de nouveaux \u00e9quipements innovants permettant ainsi : D\u2019am\u00e9liorer les conditions de travail de nos salari\u00e9s en r\u00e9duisant le seuil de p\u00e9nibilit\u00e9 de certaines t\u00e2ches, D\u2019accroitre [&hellip;]","og_url":"https:\/\/marotte.com\/en\/financing\/","og_site_name":"Marotte","article_publisher":"https:\/\/www.facebook.com\/coffretsmarotte\/","article_modified_time":"2025-03-24T14:04:04+00:00","og_image":[{"width":1000,"height":668,"url":"https:\/\/marotte.com\/wp-content\/uploads\/2024\/08\/certifications-pefc-gardien-equilibre-forestier.jpg","type":"image\/jpeg"}],"twitter_card":"summary_large_image","twitter_misc":{"Estimated reading time":"3 minutes"},"schema":{"@context":"https:\/\/schema.org","@graph":[{"@type":"WebPage","@id":"https:\/\/marotte.com\/financements\/","url":"https:\/\/marotte.com\/financements\/","name":"Financing | Marotte","isPartOf":{"@id":"https:\/\/marotte.com\/#website"},"primaryImageOfPage":{"@id":"https:\/\/marotte.com\/financements\/#primaryimage"},"image":{"@id":"https:\/\/marotte.com\/financements\/#primaryimage"},"thumbnailUrl":"https:\/\/marotte.com\/wp-content\/uploads\/2024\/08\/certifications-pefc-gardien-equilibre-forestier.jpg","datePublished":"2024-10-16T14:28:42+00:00","dateModified":"2025-03-24T14:04:04+00:00","breadcrumb":{"@id":"https:\/\/marotte.com\/financements\/#breadcrumb"},"inLanguage":"en-GB","potentialAction":[{"@type":"ReadAction","target":["https:\/\/marotte.com\/financements\/"]}]},{"@type":"ImageObject","inLanguage":"en-GB","@id":"https:\/\/marotte.com\/financements\/#primaryimage","url":"https:\/\/marotte.com\/wp-content\/uploads\/2024\/08\/certifications-pefc-gardien-equilibre-forestier.jpg","contentUrl":"https:\/\/marotte.com\/wp-content\/uploads\/2024\/08\/certifications-pefc-gardien-equilibre-forestier.jpg"},{"@type":"BreadcrumbList","@id":"https:\/\/marotte.com\/financements\/#breadcrumb","itemListElement":[{"@type":"ListItem","position":1,"name":"Accueil","item":"https:\/\/marotte.com\/"},{"@type":"ListItem","position":2,"name":"Financements"}]},{"@type":"WebSite","@id":"https:\/\/marotte.com\/#website","url":"https:\/\/marotte.com\/","name":"Marotte","description":"Bespoke woodworking","publisher":{"@id":"https:\/\/marotte.com\/#organization"},"potentialAction":[{"@type":"SearchAction","target":{"@type":"EntryPoint","urlTemplate":"https:\/\/marotte.com\/?s={search_term_string}"},"query-input":{"@type":"PropertyValueSpecification","valueRequired":true,"valueName":"search_term_string"}}],"inLanguage":"en-GB"},{"@type":"Organization","@id":"https:\/\/marotte.com\/#organization","name":"Marotte","url":"https:\/\/marotte.com\/","logo":{"@type":"ImageObject","inLanguage":"en-GB","@id":"https:\/\/marotte.com\/#\/schema\/logo\/image\/","url":"https:\/\/marotte.com\/wp-content\/uploads\/2024\/07\/marotte.png","contentUrl":"https:\/\/marotte.com\/wp-content\/uploads\/2024\/07\/marotte.png","width":257,"height":100,"caption":"Marotte"},"image":{"@id":"https:\/\/marotte.com\/#\/schema\/logo\/image\/"},"sameAs":["https:\/\/www.facebook.com\/coffretsmarotte\/","https:\/\/www.linkedin.com\/company\/marotte-pascal\/"]}]}},"_links":{"self":[{"href":"https:\/\/marotte.com\/en\/wp-json\/wp\/v2\/pages\/898","targetHints":{"allow":["GET"]}}],"collection":[{"href":"https:\/\/marotte.com\/en\/wp-json\/wp\/v2\/pages"}],"about":[{"href":"https:\/\/marotte.com\/en\/wp-json\/wp\/v2\/types\/page"}],"author":[{"embeddable":true,"href":"https:\/\/marotte.com\/en\/wp-json\/wp\/v2\/users\/1"}],"replies":[{"embeddable":true,"href":"https:\/\/marotte.com\/en\/wp-json\/wp\/v2\/comments?post=898"}],"version-history":[{"count":0,"href":"https:\/\/marotte.com\/en\/wp-json\/wp\/v2\/pages\/898\/revisions"}],"wp:attachment":[{"href":"https:\/\/marotte.com\/en\/wp-json\/wp\/v2\/media?parent=898"}],"curies":[{"name":"wp","href":"https:\/\/api.w.org\/{rel}","templated":true}]}}